{"id":53,"date":"2025-01-29T08:47:35","date_gmt":"2025-01-29T08:47:35","guid":{"rendered":"https:\/\/bernardcabane.net\/?page_id=53"},"modified":"2025-01-31T16:20:53","modified_gmt":"2025-01-31T16:20:53","slug":"chapitre-8-arrivee-et-enfance-de-guillaume","status":"publish","type":"page","link":"https:\/\/bernardcabane.net\/?page_id=53","title":{"rendered":"10. Naissance de Guillaume, son enfance."},"content":{"rendered":"\n<h1 class=\"wp-block-heading\"><a><\/a><a>1983&nbsp;: Arriv\u00e9e de Guillaume.<\/a><\/h1>\n\n\n\n<h2 class=\"wp-block-heading\"><a><\/a><a><\/a><a><\/a><a>Naissance de Guillaume<\/a>&nbsp;&nbsp;&nbsp;&nbsp;&nbsp;&nbsp;<\/h2>\n\n\n\n<p>&nbsp;&nbsp;&nbsp;&nbsp;&nbsp;&nbsp; Guillaume est n\u00e9 \u00e0 la maternit\u00e9&nbsp;des Lilas. (19 octobre 1983). La naissance s\u2019est pass\u00e9e beaucoup plus rapidement que celle d\u2019Alice.<\/p>\n\n\n\n<p>&nbsp;&nbsp;&nbsp;&nbsp;&nbsp;&nbsp; L\u2019arriv\u00e9e de Guillaume va avoir l\u2019effet d\u2019une bombe dans le petit monde bien polic\u00e9 d\u2019Alice et de C\u00e9lie et va venir tout r\u00e9volutionner.<\/p>\n\n\n\n<figure class=\"wp-block-table\"><table class=\"has-fixed-layout\"><tbody><tr><td><img loading=\"lazy\" decoding=\"async\" src=\"\" alt=\"Une image contenant personne, b\u00e9b\u00e9, Visage humain, jeune enfant\n\nDescription g\u00e9n\u00e9r\u00e9e automatiquement\" width=\"277\" height=\"452\"> &nbsp;<\/td><td><img loading=\"lazy\" decoding=\"async\" src=\"\" alt=\"..\/Cele%20talking%20to%20alice%20at%20a%20table.jpeg\" width=\"312\" height=\"433\"><\/td><\/tr><tr><td>Guillaume prenant le sein. Alice n\u2019est plus seule avec sa Maman. &nbsp;<\/td><td>&nbsp; Celie et Alice en conversation, et Guillaume de dos, fin 85 ou 86 &nbsp;<\/td><\/tr><\/tbody><\/table><\/figure>\n\n\n\n<figure class=\"wp-block-table\"><table class=\"has-fixed-layout\"><tbody><tr><td>Bernard, Alice 5 ans. Elle sait lire&nbsp; &nbsp; <img loading=\"lazy\" decoding=\"async\" src=\"\" alt=\"..\/lbernard%20and%20alice%20reading.jpeg\" width=\"231\" height=\"310\">&nbsp;<\/td><td><img loading=\"lazy\" decoding=\"async\" src=\"\" alt=\"..\/alice%20holding%20guillaume%20%20%20baby%20bernard.jpeg\" width=\"211\" height=\"303\">&nbsp; Bernard, Alice et Guillaume en fin 1983<\/td><\/tr><\/tbody><\/table><\/figure>\n\n\n\n<h2 class=\"wp-block-heading\"><a><\/a><a><\/a><a><\/a><a>Guillaume aime les plantes carnivores<\/a>&nbsp;<\/h2>\n\n\n\n<p>&nbsp;&nbsp;&nbsp;&nbsp;&nbsp; C\u00e9lie aime s\u2019entourer de plantes. Elle a ce qu\u2019on appelle la \u00ab main verte \u00bb. Une de nos sorties familiales favorites consiste \u00e0 aller sur l\u2019ile de la Cit\u00e9, aux baraques du Jardin aux fleurs, avec un chariot \u00e0 deux roues et \u00e0 acheter un arbuste accompagn\u00e9 de quelques fleurs puis de rentrer et de faire de la place parmi les plantes de notre balcon pour y installer les nouveaux venus.<\/p>\n\n\n\n<p>A l\u2019\u00e2ge de douze ans, Guillaume s\u2019int\u00e9resse \u00e0 des plantes un peu particuli\u00e8res&nbsp;: les plantes carnivores. Ces plantes couvrent leurs besoins en compos\u00e9s azot\u00e9s par la capture et la digestion de petits insectes tels que des moucherons. Les plantes carnivores les plus connues sont le <em>Drosera<\/em> et le <em>Venus fly trap<\/em>.<\/p>\n\n\n\n<p>Je me rappelle Guillaume ayant captur\u00e9 divers insectes volants et essayant de les lib\u00e9rer \u00e0 proximit\u00e9 d\u2019une plante carnivore, les insectes ne se laissant pas faire.<\/p>\n\n\n\n<p>Sur des plantes carnivores en vente au Quai aux Fleurs, il y a souvent d\u00e9j\u00e0 des moucherons captur\u00e9s et en train de se faire dig\u00e9rer.<\/p>\n\n\n\n<p>Guillaume me fait part de ses difficult\u00e9s \u00e0 trouver des plantes carnivores.<\/p>\n\n\n\n<p>Pour comprendre o\u00f9 en trouver, nous raisonnons sur les besoins de ces plantes. Nous arrivons \u00e0 la conclusion que nous avons les meilleures chances de trouver des plantes carnivores l\u00e0 o\u00f9 elles ont un avantage d\u00e9cisif par rapport aux plantes normales, donc sur des terres pauvres en compos\u00e9s azot\u00e9s.&nbsp;Ce sont aussi des terres qui sont trop pauvres pour l\u2019agriculture, par exemple des for\u00eats.&nbsp;<em><\/em><\/p>\n\n\n\n<p>Un des livres que Guillaume a consult\u00e9s mentionne la for\u00eat de Rambouillet. Nous faisons une exploration des endroits les plus boueux de cette for\u00eat, en raisonnant que ces endroits sont trop pauvres en azote pour les plantes normales. Nous rentrons de cette exploration avec beaucoup de boue mais pas de plantes carnivores.<\/p>\n\n\n\n<p>Guillaume trouve des mentions de la pr\u00e9sence de plantes carnivores en Limousin, pr\u00e8s du lac de Vassivi\u00e8res. Cette information me semble cr\u00e9dible. Le Limousin est une terre pauvre consacr\u00e9e \u00e0 l\u2019\u00e9levage. Un renseignement trouv\u00e9 par Guillaume mentionne des plantes carnivores sur une \u00eele au milieu du lac de Vassivi\u00e8res, donc dans un endroit difficile d\u2019acc\u00e8s mais cela semble cr\u00e9dible (car si c\u2019\u00e9tait d\u2019acc\u00e8s facile les plantes carnivores auraient d\u00e9j\u00e0 \u00e9t\u00e9 cueillies ou pi\u00e9tin\u00e9es).&nbsp;<\/p>\n\n\n\n<p>Je d\u00e9cide de l\u2019y emmener. Nous voici arriv\u00e9s \u00e0 une tr\u00e8s petite gare du train qui va de Limoges \u00e0 Eymoutiers dans le d\u00e9partement de la Haute Vienne. J\u2019avais pr\u00e9vu une randonn\u00e9e facile, sur des chemins, jusqu\u2019\u00e0 un petit h\u00f4tel qui se trouve \u00e0 mi-chemin du lac, mais nous avons perdu du temps et la lumi\u00e8re du jour se fait rare. Je ne peux plus lire ma carte. \u00ab&nbsp;Guillaume, as-tu la lampe de poche&nbsp;?&nbsp;\u00bb Nous arrivons sur une route d\u00e9serte et une voiture s\u2019arr\u00eate. Si nous \u00e9tions dans une de nos banlieues, nous aurions vu passer un grand nombre de voitures sans qu\u2019aucune ne s\u2019arr\u00eate. La gentille conductrice fait un petit d\u00e9tour pour nous conduire \u00e0 l\u2019h\u00f4tel. L\u2019accueil y est chaleureux.<\/p>\n\n\n\n<p>Le lendemain, Guillaume et moi entamons une marche facile jusqu\u2019\u00e0 un autre h\u00f4tel avec vue sur le lac. La pi\u00e8ce ma\u00eetresse de notre \u00e9quipement est un petit radeau gonflable, tout juste suffisant pour Guillaume seul. Les accessoires indispensables sont la pompe \u00e0 pied et une cordelette de 20 m pour rappeler le radeau s\u2019il d\u00e9rive sous l\u2019effet du vent.<\/p>\n\n\n\n<p>Le matin suivant, Guillaume pousse le radeau sur le lac et monte dedans avec quelques images de ses plantes favorites. Il va chercher sur l\u2019\u00eele quelques plantes carnivores et en trouve assez pour conforter nos hypoth\u00e8ses mais trop peu pour rentabiliser le co\u00fbt d\u2019un voyage jusque dans le Limousin.<\/p>\n\n\n\n<p>&nbsp;&nbsp;&nbsp;&nbsp; Cela me rappelle une histoire de chercheurs de champignons que m\u2019a racont\u00e9e un coll\u00e8gue su\u00e9dois. Un p\u00e8re est en train de mourir, entour\u00e9 de sa famille. Son fils lui demande&nbsp;:<\/p>\n\n\n\n<p>&#8211; Papa, peux-tu nous dire quel \u00e9tait l\u2019endroit secret o\u00f9 tu trouvais tes champignons&nbsp;?&nbsp;<\/p>\n\n\n\n<p>&#8211; Non&nbsp;!<\/p>\n\n\n\n<p>&#8211; Papa, pourquoi non&nbsp;?&nbsp;<\/p>\n\n\n\n<p>&#8211; &nbsp;Je pourrais encore gu\u00e9rir.<\/p>\n\n\n\n<p>J\u2019ai compris que la localisation des plantes et celle des champignons font partie des secrets qu\u2019on ne r\u00e9v\u00e8le \u00e0 personne, m\u00eame sur son lit de mort.<\/p>\n\n\n\n<h2 class=\"wp-block-heading\"><a><\/a><a><\/a><a><\/a><a>Guillaume et la p\u00eache&nbsp;: comment attraper des poissons&nbsp;?<\/a><\/h2>\n\n\n\n<p>&nbsp;&nbsp;&nbsp;&nbsp;&nbsp; A partir de douze ans, Guillaume s\u2019int\u00e9resse \u00e0 la p\u00eache. Je ne sais pas d\u2019o\u00f9 \u00e7a lui est venu. Il lit des livres sur les m\u00e9thodes de p\u00eache, et avec son argent de poche il ach\u00e8te une canne \u00e0 p\u00eache avec un moulinet, des hame\u00e7ons, un flotteur et du fil \u00e0 p\u00eache. Il lit attentivement les instructions fournies avec les \u00e9quipements qu\u2019il s\u2019est procur\u00e9s et il s\u2019entra\u00eene \u00e0 lancer au loin au moyen de la canne \u00e0 p\u00eache, puis \u00e0 ramener l\u2019app\u00e2t et le flotteur en utilisant le moulinet. Il est parfaitement \u00e9quip\u00e9 et mentalement pr\u00e9par\u00e9, mais il est un p\u00eacheur th\u00e9orique parce qu\u2019il n\u2019a pas encore attrap\u00e9 de poisson.<\/p>\n\n\n\n<p>Je regarde des cartes de la r\u00e9gion parisienne et je vois qu\u2019il y a, en for\u00eat de Rambouillet, des \u00e9tangs o\u00f9 l\u2019on peut p\u00eacher.<\/p>\n\n\n\n<p>Un jour, Guillaume et moi mettons nos v\u00e9los dans le train et nous partons pour Rambouillet. Nous p\u00e9dalons jusqu\u2019\u00e0 un \u00e9tang o\u00f9 un autre p\u00eacheur est d\u00e9j\u00e0 install\u00e9. Guillaume essaye sa canne \u00e0 p\u00eache, son flotteur et ses hame\u00e7ons. Rien ne se passe. Au bout de deux heures, il est d\u00e9courag\u00e9.<\/p>\n\n\n\n<p>L\u2019autre p\u00eacheur amateur n\u2019attrape rien non plus. Il nous explique que les poissons ont appris \u00e0 rester au fond de l\u2019\u00e9tang aux heures o\u00f9 les p\u00eacheurs s\u2019affairent \u00e0 la surface.<\/p>\n\n\n\n<p>&nbsp;&nbsp;&nbsp;&nbsp; Un autre week-end, j\u2019emm\u00e8ne les enfants dans une ferme qui a pris le nom de \u00ab&nbsp;ferme du Paradis&nbsp;\u00bb. Pour plaire \u00e0 Alice, il y a des chevaux. Elle monte sur l\u2019un d\u2019eux. Pour plaire \u00e0 Guillaume, y a un tout petit \u00e9tang, o\u00f9 l\u2019on peut voir un grand nombre de poissons. Il essaye rapidement son \u00e9quipement, mais les poissons ne veulent pas mordre \u00e0 l\u2019hame\u00e7on, m\u00eame si on am\u00e8ne l\u2019app\u00e2t juste devant leur nez. Guillaume reste un p\u00eacheur qui n\u2019a jamais attrap\u00e9 un poisson.<\/p>\n\n\n\n<p>&nbsp;&nbsp;&nbsp;&nbsp; Pendant cinq ans, je collabore avec des coll\u00e8gues su\u00e9dois de l\u2019Universit\u00e9 de Lund. A l\u2019\u00e9t\u00e9 1997 (je crois), nous partons l\u00e0-bas en famille, C\u00e9lie, Guillaume et moi.&nbsp; Guillaume a emball\u00e9 soigneusement son \u00e9quipement de p\u00eacheur et l\u2019a emport\u00e9 dans l\u2019avion. Lorsque nous sommes install\u00e9s dans la maison d\u2019h\u00f4tes de l\u2019Universit\u00e9, je regarde la carte des environs de Lund et je vois qu\u2019il y a, \u00e0 port\u00e9e de bicyclette, un groupe de trois \u00e9tangs d\u00e9di\u00e9s \u00e0 la p\u00eache. Une demi-heure plus tard, nous y sommes. Guillaume met en place sa canne \u00e0 p\u00eache, lance l\u2019app\u00e2t le plus loin possible. Un petit poisson mord \u00e0 l\u2019hame\u00e7on et Guillaume parvient \u00e0 le tirer hors de l\u2019eau. Premier poisson&nbsp;! Mais le gardien arrive et nous dit que cet \u00e9tang est r\u00e9serv\u00e9 aux p\u00eacheurs qui p\u00eachent \u00ab&nbsp;\u00e0 la mouche&nbsp;\u00bb, une m\u00e9thode bien plus difficile et sportive que le simple envoi d\u2019un flotteur. Le gardien nous menace d\u2019une amende en cas de r\u00e9cidive et nous demande de remettre le petit poisson \u00e0 l\u2019eau.&nbsp; Nous obtemp\u00e9rons et nous repartons, un peu d\u00e9\u00e7us, sur nos bicyclettes.<\/p>\n\n\n\n<p>Quelques jours plus tard, je trouve par hasard une annonce pour des sorties de p\u00eache en mer. Le prochain d\u00e9part a lieu le lendemain du port de Malm\u00f6 \u00e0 10h30, ce qui nous laisse juste le temps de nous y rendre par le train.<\/p>\n\n\n\n<p>Arriv\u00e9s au port de Malm\u00f6, le bateau attend, son diesel tourne lentement. Il reste deux places \u00e0 tribord, que nous prenons Guillaume et moi. Quelques retardataires arrivent encore, tout essouffl\u00e9s et on largue les amarres. Le capitaine guide le bateau sur la mer Baltique, traverse ce bras de mer dans un sens et dans l\u2019autre, \u00e0 la recherche des poissons. Les poissons d\u2019une esp\u00e8ce se regroupent en essaims afin d\u2019optimiser leur vitesse de reproduction. Le capitaine utilise un sonar pour d\u00e9tecter et localiser ces bancs de poissons.<\/p>\n\n\n\n<p>A 10 h, le capitaine&nbsp;arr\u00eate le moteur et annonce que la p\u00eache peut commencer.<\/p>\n\n\n\n<p>Guillaume a d\u00e9j\u00e0 pr\u00e9par\u00e9 sa canne \u00e0 p\u00eache, son fil et ses hame\u00e7ons. Il pr\u00e9vient ses voisins qu\u2019il va lancer sa ligne car il faut \u00e9viter que les lignes se croisent&nbsp;et fassent des n\u0153uds.<\/p>\n\n\n\n<p>&nbsp;&nbsp;&nbsp;&nbsp;&nbsp; Au premier essai, pas de poisson. Il relance dans une autre direction, toujours rien. Mais au troisi\u00e8me lancer, \u00e7a mord&nbsp;! Guillaume ram\u00e8ne sa prise hors de l\u2019eau, c\u2019est une morue qui fait bien 40 cm de long, avec des flancs tr\u00e8s brillants. Il est tout fier. Nous la pla\u00e7ons dans la glace pil\u00e9e. Guillaume passe de l\u2019autre c\u00f4t\u00e9 du bateau et se remet \u00e0 p\u00eacher. Il y reste longtemps et attrape deux autres morues. Il gagne la confiance d\u2019un couple qui a immigr\u00e9 de Finlande quelques ann\u00e9es auparavant. Il leur fait cadeau de l\u2019une de ses trois morues et eux l\u2019invitent \u00e0 venir p\u00eacher le hareng pr\u00e8s de chez eux, n\u2019importe quel jour avant le coucher du soleil.<\/p>\n\n\n\n<p>Le capitaine red\u00e9marre le diesel et ram\u00e8ne le bateau \u00e0 sa place dans le port. Guillaume et moi revenons en train avec les 2 poissons. C\u2019est alors que Celie nous explique les conditions de la conservation du poisson : Il faut \u00ab&nbsp;vider&nbsp;\u00bb le poisson, c\u2019est \u00e0 dire enlever tous les organes, et ne laisser que les muscles et la peau. Une fois vid\u00e9 et cuit d\u00e9licatement, le cabillaud \u00ab&nbsp;de p\u00eache&nbsp;\u00bb a un go\u00fbt plus \u00ab&nbsp;frais&nbsp;\u00bb que celui auquel je suis habitu\u00e9.&nbsp; Mais il faut que quelqu\u2019un fasse le sale boulot de vider le poisson.<\/p>\n\n\n\n<figure class=\"wp-block-table\"><table class=\"has-fixed-layout\"><tbody><tr><td><em>&nbsp;<\/em> <img loading=\"lazy\" decoding=\"async\" src=\"\" alt=\"..\/Pictures\/Photos%20Library.photoslibrary\/originals\/B\/B6B688F7-2519-43F8-B404-46F63114E02A.jpeg\" width=\"273\" height=\"412\"><em><\/em> <em>&nbsp;<\/em><\/td><td><img loading=\"lazy\" decoding=\"async\" src=\"\" alt=\"..\/Pictures\/Photos%20Library.photoslibrary\/originals\/6\/63BC5C9F-DF85-4338-BA9F-2D777E4DB097.jpeg\" width=\"276\" height=\"426\"><em><\/em><\/td><\/tr><\/tbody><\/table><\/figure>\n\n\n\n<p>Quelques jours plus tard, je t\u00e9l\u00e9phone au couple de Finlandais et nous faisons un RV pour la p\u00eache au hareng. Les Finlandais savent que les harengs se reproduisent dans des eaux saum\u00e2tres (moins sal\u00e9es que la mer) qu\u2019on trouve dans un estuaire, l\u00e0 o\u00f9 un petit fleuve se jette dans la mer&nbsp;: les harengs sont ainsi relativement prot\u00e9g\u00e9s de leurs pr\u00e9dateurs principaux qui ont besoin d\u2019une eau plus sal\u00e9e. De mani\u00e8re quasi-rituelle, chaque jour au coucher du soleil, une fraction des harengs qui sont dans la mer nage vers ces estuaires et s\u2019accumule \u00e0 leur entr\u00e9e. Nos amis Finlandais ont trouv\u00e9 un endroit proche de l\u2019estuaire o\u00f9 ils peuvent, avant le coucher du soleil, immerger et attacher un fil m\u00e9tallique portant des crochets tous les 30 cm, et apr\u00e8s le coucher du soleil, relever cette ligne avec les harengs qui se sont accroch\u00e9s. Nous convenons par t\u00e9l\u00e9phone d\u2019un jour prochain, et Guillaume part \u00e0 la p\u00eache aux harengs.&nbsp;Il en revient avec non pas un, ni deux, mais 20 poissons. C\u00e9lie s\u2019interroge un moment sur la question de savoir qui veut vider et nettoyer 20 harengs en moins d\u2019une soir\u00e9e, et qui les mangerait sans souffrir de la monotonie du m\u00eame plat tous les jours. C\u00e9lie r\u00e9sout ce dernier probl\u00e8me en invitant d\u2019autres personnes \u00e0 partager nos harengs.<\/p>\n\n\n\n<p>Je suis certain que cette aventure ne pourrait pas \u00eatre r\u00e9p\u00e9t\u00e9e de nos jours. D\u2019une part, la population de morues (Cod en anglais) de la mer Baltique s\u2019est effondr\u00e9e \u00e0 cause d\u2019une p\u00eache trop intensive. L\u2019histoire de Guillaume montre bien que l\u2019utilisation du Sonar d\u00e9s\u00e9quilibre compl\u00e8tement les chances de survie des poissons en pr\u00e9sence des humains comme pr\u00e9dateurs&nbsp;: on imagine qu\u2019un banc de poissons peut dispara\u00eetre enti\u00e8rement si les p\u00eacheurs le localisent trop facilement. D\u2019autre part la pollution de la mer Baltique s\u2019est aggrav\u00e9e, mettant en question la comestibilit\u00e9 des poissons.<\/p>\n\n\n\n<h2 class=\"wp-block-heading\"><a><\/a><a>Les avions de Guillaume.<\/a><\/h2>\n\n\n\n<p>&nbsp;&nbsp;&nbsp;&nbsp;&nbsp; On fait des avions en r\u00e9utilisant des mat\u00e9riaux courants. Les mat\u00e9riaux de grande diffusion sont ceux qu\u2019on trouve un peu partout, qui ne co\u00fbtent pas cher \u00e0 l\u2019achat et qu\u2019on peut facilement r\u00e9utiliser ou recycler. Des exemples courants de mat\u00e9riaux de grande diffusion sont le papier, le carton, le polystyr\u00e8ne expans\u00e9, les ciments et les peintures et colles dites acryliques. Ces mat\u00e9riaux ont parfois une structure modulaire obtenue par r\u00e9p\u00e9tition de sous-unit\u00e9s identiques&nbsp;: pour le papier, les sous-unit\u00e9s sont les feuilles, qu\u2019on rassemble pour fabriquer un livre ou un bloc -notes ou encore pour les imprimer. La r\u00e9gularit\u00e9 des sous unit\u00e9s joue un r\u00f4le tr\u00e8s important car des feuilles disparates en dimensions lat\u00e9rales et en \u00e9paisseurs seraient beaucoup plus difficiles \u00e0 manipuler que la rame de 500 feuilles identiques et bien empil\u00e9es. Avec des sous-unit\u00e9s suffisamment rigides (des morceaux de carton ondul\u00e9) on peut, par un protocole de pliage ad\u00e9quat, fabriquer des objets tr\u00e8s l\u00e9gers qui ont des performances \u00e9tonnantes&nbsp;: des fauteuils qui supportent le poids de plusieurs personnes, des chaises, des \u00e9tag\u00e8res. On peut aussi recycler des boites pour faire d\u2019autres boites, car l\u2019app\u00e9tit pour toujours plus de boites semble insatiable&nbsp;: nous vivons dans une soci\u00e9t\u00e9 o\u00f9 tout ce qui fait l\u2019objet d\u2019une transaction est emball\u00e9 individuellement, et la boite carton rivalise avec le sac plastique comme contenant universel.<\/p>\n\n\n\n<p>Un de mes mat\u00e9riaux favoris est le papier. J\u2019en fais une consommation r\u00e9guli\u00e8re car dans mon travail de consultant, je note tout ce que je vois, tout ce que j\u2019entends et tout ce que je comprends. Mon fils Guillaume m\u2019a fait remarquer qu\u2019il ne m\u2019a jamais vu en vacances sans un bloc-notes A4 quadrill\u00e9 \u00e0 port\u00e9e de mains. Ce r\u00e9cit raconte une utilisation impr\u00e9vue du bloc- notes A4 quadrill\u00e9.<\/p>\n\n\n\n<p>Guillaume est \u00e2g\u00e9 de douze ans lorsque nous passons deux jours \u00e0 Grenoble, C\u00e9lie, lui et moi.<\/p>\n\n\n\n<p>La ville de Grenoble est situ\u00e9e au confluent de trois vall\u00e9es. Les montagnes qui bordent ces vall\u00e9es m\u2019impressionnent \u00e0 chaque fois que je les contemple car leurs parois sont tr\u00e8s \u00e9lev\u00e9es et parfois fr\u00f4lent la verticalit\u00e9. Pourtant, certaines de ces parois peuvent \u00eatre escalad\u00e9es facilement en suivant des chemins qui exploitent astucieusement leurs points faibles : failles, terrasses, et tous les endroits o\u00f9 la dissolution du calcaire dans l\u2019eau a creus\u00e9 la roche.<\/p>\n\n\n\n<p>Je remarque dans un topo-guide la description de l\u2019ascension du mont Saint Eynard en passant par le pas Guiguet. Je suis \u00e9tonn\u00e9 par l\u2019existence d\u2019un chemin sur cette paroi formidable, mais le topo-guide mentionne la pr\u00e9sence d\u2019un c\u00e2ble plac\u00e9 au pas Guiguet, afin de s\u00e9curiser le passage le plus raide. De plus, le point de d\u00e9part est tr\u00e8s facile \u00e0 atteindre et cela nous convient. Nous d\u2019abord une sente peu visible \u00e0 travers une for\u00eat. En raison de la pente, les arbres donnent l\u2019impression d\u2019\u00eatre couch\u00e9s sur le sol par un grand vent. La sente continue et nous sortons de la for\u00eat. Ce que nous apercevons de la suite nous donne l\u2019impression que nous pourrions perdre le lien avec la verticalit\u00e9. C\u2019est une paroi compos\u00e9e d\u2019\u00e9normes blocs empil\u00e9s.&nbsp;En continuant \u00e0 monter, nous comprenons comment le chemin utilise la structure de la paroi : il va vers elle, &nbsp;bute contre un bloc, trouve une faille dans la paroi, grimpe dans cette faille et rejoint le haut d\u2019un autre bloc, qu\u2019il utilise de nouveau comme une terrasse pour se d\u00e9placer lat\u00e9ralement jusqu\u2019\u00e0 la prochaine faille. Il y a bien un c\u00e2ble de s\u00e9curit\u00e9, mais je doute un peu du niveau de s\u00e9curit\u00e9&nbsp;obtenu. J\u2019essaye donc de ne pas tirer dessus. Nous atteignons finalement l\u2019ar\u00eate sommitale.<\/p>\n\n\n\n<p>Au moment o\u00f9 nous sortons de la paroi, nous entendons un sifflement, comme celui fait par un tr\u00e8s fort courant d\u2019air. Cela vient de plus bas et cela vient vers nous. C\u2019est un planeur ! Cet un avion sans moteur cherche constamment un courant d\u2019air ascendant pour gagner de l\u2019altitude. Nous voyons qu\u2019il s\u2019\u00e9carte de la paroi et puis y retourne, utilisant les courants ascendants qui semblent nombreux par ici. En effet, la paroi est expos\u00e9e au Sud-Est. D\u00e8s le matin, elle re\u00e7oit des rayons lumineux et transf\u00e8re l\u2019\u00e9nergie re\u00e7ue \u00e0 l\u2019air proche de la paroi. L\u2019air r\u00e9chauff\u00e9, plus l\u00e9ger que l\u2019air de la vall\u00e9e, monte le long de la paroi. Il est remplac\u00e9, en bas de la paroi, par de l\u2019air frais venant de la vall\u00e9e. Arriv\u00e9 en altitude, l\u2019air chaud se refroidit, et retourne dans la vall\u00e9e. C\u2019est ainsi que s\u2019installe, selon Rayleigh et B\u00e9nard, une boucle thermique avec aller le long de la paroi et retour au centre de la vall\u00e9e. Par une belle journ\u00e9e d\u2019\u00e9t\u00e9, pr\u00e8s du col de la Forclaz, dans le massif des Bauges, on peut voir de tr\u00e8s nombreux parapentistes utilisant ces moteurs \u00e0 air chaud.<\/p>\n\n\n\n<p>Nous admirons comme le pilote parvient \u00e0 ma\u00eetriser son vol en \u00e9tant si proche de la paroi, ce qui suppose que ce planeur monoplace soit exceptionnellement maniable. Il doit savoir quelque chose sur les couches d\u2019air chaud que nous ne savons pas.<\/p>\n\n\n\n<p>Peut-il accumuler les gains d\u2019altitude obtenus par diff\u00e9rents moteurs aero &#8211; thermiques ? Pourrait-il gagner assez d\u2019altitude en Chartreuse pour voler jusqu\u2019en Provence ?<\/p>\n\n\n\n<p>&nbsp;&nbsp;&nbsp;&nbsp;&nbsp; Guillaume, qui aime faire des exp\u00e9riences, me demande si j\u2019ai du papier. \u00ab&nbsp;Peux-tu me donner une feuille A4&nbsp;?&nbsp;\u00bb L\u2019exploration de mon sac-\u00e0-dos r\u00e9v\u00e8le la pr\u00e9sence de l\u2019in\u00e9vitable bloc quadrill\u00e9, du papier de bonne qualit\u00e9 qui conserve bien la m\u00e9moire des plis qu\u2019on lui impose.&nbsp; Guillaume plie et replie la feuille A4 pour en faire un avion du genre triangulaire et le lance vers la vall\u00e9e du Gr\u00e9sivaudan. L\u2019avion vole droit puis se retourne et tombe au pied de la paroi. Il en fait un autre qui vole un peu plus haut. Le troisi\u00e8me est pris par la colonne d\u2019air chaud et monte toujours plus haut jusqu\u2019\u00e0 n\u2019\u00eatre plus qu\u2019un point sous les nuages.<\/p>\n\n\n\n<p>&nbsp;&nbsp;&nbsp;&nbsp; Si cette exp\u00e9rience devait \u00eatre r\u00e9p\u00e9t\u00e9e, pour ne pas polluer la vall\u00e9e, il conviendrait de faire les avions avec un papier qui se d\u00e9grade spontan\u00e9ment par l\u2019effet des rayons UV, ou bien il faudrait les r\u00e9cup\u00e9rer.<\/p>\n\n\n\n<p>Mon conf\u00e8re Jean Charvolin, qui fabriquait avec ses amis d\u2019enfance, des avions beaucoup plus grands et plus rigides que ceux de Guillaume, traversait toute la Chartreuse pour les r\u00e9cup\u00e9rer. Ils \u00e9taient faits en bois de balsa et pouvaient atteindre 1m20 d\u2019envergure. Ils poss\u00e9daient un moteur, une h\u00e9lice et une petite r\u00e9serve de fuel. Leur vol se terminait par un crash qui ne les d\u00e9truisait pas.&nbsp; Tenter d\u2019aller les r\u00e9cup\u00e9rer \u00e9tait une activit\u00e9 \u00e0 part enti\u00e8re, qui a permis \u00e0 Jean et ses amis de visiter toute sorte d\u2019endroits qu\u2019ils auraient ignor\u00e9s.<\/p>\n\n\n\n<p>Je suppose que dans un futur proche, les enfants auront des drones pour explorer des endroits pittoresques par voie a\u00e9rienne. Mais les principes de fonctionnement d\u2019un drone ne sont pas ceux d\u2019un avion et les jeux pourraient \u00eatre diff\u00e9rents.<\/p>\n","protected":false},"excerpt":{"rendered":"<p>1983&nbsp;: Arriv\u00e9e de Guillaume. Naissance de Guillaume&nbsp;&nbsp;&nbsp;&nbsp;&nbsp;&nbsp; &nbsp;&nbsp;&nbsp;&nbsp;&nbsp;&nbsp; Guillaume est n\u00e9 \u00e0 la maternit\u00e9&nbsp;des Lilas. (19 octobre 1983). La naissance s\u2019est pass\u00e9e beaucoup plus rapidement que celle d\u2019Alice. &nbsp;&nbsp;&nbsp;&nbsp;&nbsp;&nbsp; L\u2019arriv\u00e9e de Guillaume va avoir l\u2019effet d\u2019une bombe dans le petit monde bien polic\u00e9 d\u2019Alice et de C\u00e9lie et va venir tout r\u00e9volutionner. &nbsp; Guillaume prenant [&hellip;]<\/p>\n","protected":false},"author":3,"featured_media":0,"parent":0,"menu_order":0,"comment_status":"closed","ping_status":"closed","template":"","meta":{"footnotes":""},"class_list":["post-53","page","type-page","status-publish","hentry"],"_links":{"self":[{"href":"https:\/\/bernardcabane.net\/index.php?rest_route=\/wp\/v2\/pages\/53","targetHints":{"allow":["GET"]}}],"collection":[{"href":"https:\/\/bernardcabane.net\/index.php?rest_route=\/wp\/v2\/pages"}],"about":[{"href":"https:\/\/bernardcabane.net\/index.php?rest_route=\/wp\/v2\/types\/page"}],"author":[{"embeddable":true,"href":"https:\/\/bernardcabane.net\/index.php?rest_route=\/wp\/v2\/users\/3"}],"replies":[{"embeddable":true,"href":"https:\/\/bernardcabane.net\/index.php?rest_route=%2Fwp%2Fv2%2Fcomments&post=53"}],"version-history":[{"count":3,"href":"https:\/\/bernardcabane.net\/index.php?rest_route=\/wp\/v2\/pages\/53\/revisions"}],"predecessor-version":[{"id":107,"href":"https:\/\/bernardcabane.net\/index.php?rest_route=\/wp\/v2\/pages\/53\/revisions\/107"}],"wp:attachment":[{"href":"https:\/\/bernardcabane.net\/index.php?rest_route=%2Fwp%2Fv2%2Fmedia&parent=53"}],"curies":[{"name":"wp","href":"https:\/\/api.w.org\/{rel}","templated":true}]}}