{"id":489,"date":"2026-02-11T18:21:05","date_gmt":"2026-02-11T18:21:05","guid":{"rendered":"https:\/\/bernardcabane.net\/?page_id=489"},"modified":"2026-02-11T19:36:32","modified_gmt":"2026-02-11T19:36:32","slug":"accueil","status":"publish","type":"page","link":"https:\/\/bernardcabane.net\/","title":{"rendered":"Accueil"},"content":{"rendered":"<div class=\"wp-block-group has-global-padding is-layout-constrained wp-container-core-group-is-layout-832a6d70 wp-block-group-is-layout-constrained\" style=\"padding-top:4rem;padding-bottom:3rem\"><h1 class=\"wp-block-heading has-text-align-center\" style=\"font-size:clamp(1.976rem, 1.976rem + ((1vw - 0.2rem) * 2.54), 3.5rem);font-style:normal;font-weight:300;letter-spacing:-0.02em\">Bernard Cabane<\/h1><p class=\"has-text-align-center\" style=\"color:#666666;font-size:clamp(0.875rem, 0.875rem + ((1vw - 0.2rem) * 0.458), 1.15rem);\">Physicien, directeur de recherche au CNRS<\/p><\/div><hr class=\"wp-block-separator has-text-color has-alpha-channel-opacity has-background is-style-wide\" style=\"background-color:#e0d8cf;color:#e0d8cf\"\/><div class=\"wp-block-columns is-layout-flex wp-container-core-columns-is-layout-19321af6 wp-block-columns-is-layout-flex\" style=\"padding-top:2.5rem;padding-bottom:2.5rem\"><div class=\"wp-block-column is-layout-flow wp-block-column-is-layout-flow\"><h2 class=\"wp-block-heading\" style=\"font-size:clamp(1.146rem, 1.146rem + ((1vw - 0.2rem) * 1.09), 1.8rem);font-weight:400\">Notre histoire<\/h2><p style=\"color:#555555;font-size:clamp(0.875rem, 0.875rem + ((1vw - 0.2rem) * 0.125), 0.95rem);line-height:1.8\">Un livre est une porte ouverte pour quelqu\u2019un. J\u2019\u00e9cris ce livre pour Ernest et Nola, afin qu\u2019ils sachent mieux qui nous \u00e9tions, Celie et Bernard, vos grand-parents, et quelles vies nous avons v\u00e9cues.<\/p><p style=\"font-size:clamp(0.875rem, 0.875rem + ((1vw - 0.2rem) * 0.042), 0.9rem);line-height:1.9\"><a href=\"\/?page_id=138\">Remerciements et d\u00e9dicace<\/a><br><a href=\"\/?page_id=22\">Introduction et m\u00e9thode<\/a><br><a href=\"\/?page_id=25\">Nos vies en quelques dates<\/a><br><a href=\"\/?page_id=28\">C\u00e9lie avant Bernard<\/a><br><a href=\"\/?page_id=33\">Bernard avant C\u00e9lie<\/a><br><a href=\"\/?page_id=38\">La rencontre<\/a><br><a href=\"\/?page_id=41\">Les aventures \u00e0 deux<\/a><br><a href=\"\/?page_id=44\">Bernard des labos<\/a><br><a href=\"\/?page_id=47\">C\u00e9lie, une carri\u00e8re riche<\/a><br><a href=\"\/?page_id=53\">Naissance de Guillaume<\/a><br><a href=\"\/?page_id=83\">Scolarit\u00e9 et d\u00e9parts<\/a><br><a href=\"\/?page_id=85\">Logements et travaux<\/a><br><a href=\"\/?page_id=88\">Aventures apr\u00e8s les enfants<\/a><br><a href=\"\/?page_id=91\">Cancer du sein (2002)<\/a><br><a href=\"\/?page_id=95\">T\u00e9moignages<\/a><br><a href=\"\/?page_id=345\">Anecdotes annexes<\/a><\/p><\/div><div class=\"wp-block-column is-layout-flow wp-block-column-is-layout-flow\"><h2 class=\"wp-block-heading\" style=\"font-size:clamp(1.146rem, 1.146rem + ((1vw - 0.2rem) * 1.09), 1.8rem);font-weight:400\">Photos<\/h2><p style=\"font-size:clamp(0.875rem, 0.875rem + ((1vw - 0.2rem) * 0.042), 0.9rem);line-height:1.9\"><a href=\"\/?page_id=147\">Photos de famille<\/a><br><a href=\"\/?page_id=205\">Portraits de C\u00e9lie<\/a><br><a href=\"\/?page_id=257\">Portraits de Bernard<\/a><br><a href=\"\/?page_id=252\">Nos ami.e.s<\/a><br><a href=\"\/?page_id=229\">La Chartreuse<\/a><br><a href=\"\/?page_id=239\">Chanin<\/a><br><a href=\"\/?page_id=166\">Temp\u00eate en Corse<\/a><br><a href=\"\/?page_id=292\">Le Salcantay<\/a><\/p><div style=\"height:1.5rem\" aria-hidden=\"true\" class=\"wp-block-spacer\"><\/div><h2 class=\"wp-block-heading\" style=\"font-size:clamp(1.146rem, 1.146rem + ((1vw - 0.2rem) * 1.09), 1.8rem);font-weight:400\">Site scientifique<\/h2><p style=\"color:#555555;font-size:0.85rem;line-height:1.6\">Le site scientifique original de Bernard Cabane, archiv\u00e9 depuis bernardcabane.net (circa 2006\u20132012).<\/p><p style=\"font-size:clamp(0.875rem, 0.875rem + ((1vw - 0.2rem) * 0.042), 0.9rem);line-height:1.9\"><a href=\"\/?page_id=463\">Resume \/ CV<\/a><br><a href=\"\/?page_id=458\">Research<\/a><br><a href=\"\/?page_id=459\">Publications<\/a><br><a href=\"\/?page_id=460\">Books<\/a><br><a href=\"\/?page_id=461\">Teaching<\/a><br><a href=\"\/?page_id=464\">Conferences<\/a><br><a href=\"\/?page_id=462\">Contact<\/a><\/p><\/div><\/div>","protected":false},"excerpt":{"rendered":"<p>Bernard Cabane Physicien, directeur de recherche au CNRS Notre histoire Un livre est une porte ouverte pour quelqu\u2019un. J\u2019\u00e9cris ce livre pour Ernest et Nola, afin qu\u2019ils sachent mieux qui nous \u00e9tions, Celie et Bernard, vos grand-parents, et quelles vies nous avons v\u00e9cues. Remerciements et d\u00e9dicaceIntroduction et m\u00e9thodeNos vies en quelques datesC\u00e9lie avant BernardBernard avant [&hellip;]<\/p>\n","protected":false},"author":2,"featured_media":0,"parent":0,"menu_order":0,"comment_status":"closed","ping_status":"closed","template":"page-no-title","meta":{"footnotes":""},"class_list":["post-489","page","type-page","status-publish","hentry"],"_links":{"self":[{"href":"https:\/\/bernardcabane.net\/index.php?rest_route=\/wp\/v2\/pages\/489","targetHints":{"allow":["GET"]}}],"collection":[{"href":"https:\/\/bernardcabane.net\/index.php?rest_route=\/wp\/v2\/pages"}],"about":[{"href":"https:\/\/bernardcabane.net\/index.php?rest_route=\/wp\/v2\/types\/page"}],"author":[{"embeddable":true,"href":"https:\/\/bernardcabane.net\/index.php?rest_route=\/wp\/v2\/users\/2"}],"replies":[{"embeddable":true,"href":"https:\/\/bernardcabane.net\/index.php?rest_route=%2Fwp%2Fv2%2Fcomments&post=489"}],"version-history":[{"count":2,"href":"https:\/\/bernardcabane.net\/index.php?rest_route=\/wp\/v2\/pages\/489\/revisions"}],"predecessor-version":[{"id":493,"href":"https:\/\/bernardcabane.net\/index.php?rest_route=\/wp\/v2\/pages\/489\/revisions\/493"}],"wp:attachment":[{"href":"https:\/\/bernardcabane.net\/index.php?rest_route=%2Fwp%2Fv2%2Fmedia&parent=489"}],"curies":[{"name":"wp","href":"https:\/\/api.w.org\/{rel}","templated":true}]}}