{"id":460,"date":"2026-02-11T18:09:58","date_gmt":"2026-02-11T18:09:58","guid":{"rendered":"https:\/\/bernardcabane.net\/?page_id=460"},"modified":"2026-02-11T18:09:58","modified_gmt":"2026-02-11T18:09:58","slug":"books","status":"publish","type":"page","link":"https:\/\/bernardcabane.net\/?page_id=460","title":{"rendered":"Books"},"content":{"rendered":"<p>Demain, la physique<br \/>A. Aspect, R. Balian, S. Balibar, E. Br\u00e9zin, B. Cabane, S. Fauve, D. Kaplan, P. L\u00e9na, J.-P. Poirier, J. Prost<br \/>Livre publi\u00e9 par Odile Jacob (2004)<\/p>\n<p>Liquides: solutions, dispersions, emulsions, gels<br \/>B. Cabane et S. Henon<br \/>Belin 2003<\/p>\n<p>Formulation des dispersions<br \/>B. Cabane<br \/>Techniques de l&#8217;Ing\u00e9nieur 2003<\/p>\n<p>La stabilit\u00e9 colloidale des latex<br \/>B. Cabane<br \/>in \u00ab Les latex synth\u00e9tiques : \u00e9laboration et applications \u00bb<\/p>\n<p>Comment am\u00e9liorer la qualit\u00e9 des dispersions dans des milieux formul\u00e9s ?<br \/>B. Cabane<br \/>Dans \u00ab Dispersabilit\u00e9 \u00bb, A. Foissy et S.A. Bachiri eds., EDP Sciences 2003<\/p>\n<p>Small angle scattering methods<br \/>B. Cabane<br \/>in: \u00ab Surfactant solutions: new methods of investigation \u00bb<br \/>Surfactant Science Series vol. 22 p. 57-146<br \/>Editeur R. Zana, M. Dekker, New York 1987<\/p>\n<p>M\u00e9thodes semi-locales: diffusion, diffraction<br \/>B. Cabane<br \/>dans: \u00ab Colloides et interfaces \u00bb p 101-180<br \/>M. Veyssi\u00e9 et A. M. Cazabat \u00e9diteurs<br \/>Editions de Physique 1984<\/p>\n","protected":false},"excerpt":{"rendered":"<p>Demain, la physiqueA. Aspect, R. Balian, S. Balibar, E. Br\u00e9zin, B. Cabane, S. Fauve, D. Kaplan, P. L\u00e9na, J.-P. Poirier, J. ProstLivre publi\u00e9 par Odile Jacob (2004) Liquides: solutions, dispersions, emulsions, gelsB. Cabane et S. HenonBelin 2003 Formulation des dispersionsB. CabaneTechniques de l&#8217;Ing\u00e9nieur 2003 La stabilit\u00e9 colloidale des latexB. Cabanein \u00ab Les latex synth\u00e9tiques : [&hellip;]<\/p>\n","protected":false},"author":2,"featured_media":0,"parent":456,"menu_order":0,"comment_status":"closed","ping_status":"closed","template":"","meta":{"footnotes":""},"class_list":["post-460","page","type-page","status-publish","hentry"],"_links":{"self":[{"href":"https:\/\/bernardcabane.net\/index.php?rest_route=\/wp\/v2\/pages\/460","targetHints":{"allow":["GET"]}}],"collection":[{"href":"https:\/\/bernardcabane.net\/index.php?rest_route=\/wp\/v2\/pages"}],"about":[{"href":"https:\/\/bernardcabane.net\/index.php?rest_route=\/wp\/v2\/types\/page"}],"author":[{"embeddable":true,"href":"https:\/\/bernardcabane.net\/index.php?rest_route=\/wp\/v2\/users\/2"}],"replies":[{"embeddable":true,"href":"https:\/\/bernardcabane.net\/index.php?rest_route=%2Fwp%2Fv2%2Fcomments&post=460"}],"version-history":[{"count":0,"href":"https:\/\/bernardcabane.net\/index.php?rest_route=\/wp\/v2\/pages\/460\/revisions"}],"up":[{"embeddable":true,"href":"https:\/\/bernardcabane.net\/index.php?rest_route=\/wp\/v2\/pages\/456"}],"wp:attachment":[{"href":"https:\/\/bernardcabane.net\/index.php?rest_route=%2Fwp%2Fv2%2Fmedia&parent=460"}],"curies":[{"name":"wp","href":"https:\/\/api.w.org\/{rel}","templated":true}]}}