{"id":28,"date":"2025-01-29T08:24:26","date_gmt":"2025-01-29T08:24:26","guid":{"rendered":"https:\/\/bernardcabane.net\/?page_id=28"},"modified":"2025-02-07T08:58:05","modified_gmt":"2025-02-07T08:58:05","slug":"chapitre-1","status":"publish","type":"page","link":"https:\/\/bernardcabane.net\/?page_id=28","title":{"rendered":"03. C\u00e9lie avant Bernard, enfance, famille."},"content":{"rendered":"\n<p><\/p>\n\n\n\n<p>M\u00eame apr\u00e8s cinquante ann\u00e9es de vie commune, l\u2019autre reste un myst\u00e8re. Ce qui s\u2019est r\u00e9ellement pass\u00e9, c\u2019est la vie de C\u00e9lie Fox Cabane. Je n\u2019en connais pas tout. Elle ne tenait pas de journal, moi non plus. Nous connaissons \u00e0 peu pr\u00e8s la succession des \u00e9v\u00e9nements grands ou petits qui ont fait nos aventures et qui ont marqu\u00e9 nos vies. Ce sont les histoires pr\u00e9sent\u00e9es ici.<\/p>\n\n\n\n<p>Mais je ne sais pas ce que C\u00e9lie a ressenti et pens\u00e9 dans chacun de ces moments.<\/p>\n\n\n\n<p>On peut se demander s\u2019il lui a fallu du courage pour m\u2019accompagner dans mes aventures ou si elle aspirait elle-m\u00eame \u00e0 une vie emplie d\u2019aventures, une vie qui soit tout sauf bien rang\u00e9e.<\/p>\n\n\n\n<p>Dans sa vie professionnelle, C\u00e9lie prenait des notes manuscrites. Toutes ces notes ont \u00e9t\u00e9 d\u00e9truites. Il ne reste comme traces mat\u00e9rielles que des \u00e9tag\u00e8res remplies de livres, des bandes audio et vid\u00e9o et des bo\u00eetes de p\u00e2te \u00e0 modeler.<\/p>\n\n\n\n<h1 class=\"wp-block-heading\"><a><\/a><a><\/a><a>La famille de <\/a>C\u00e9lie &nbsp;<\/h1>\n\n\n\n<h2 class=\"wp-block-heading\"><a>Son p\u00e8re Irving &#8211;<\/a><\/h2>\n\n\n\n<ul class=\"wp-block-list\">\n<li>Le survivor.<\/li>\n<\/ul>\n\n\n\n<p>Irving Fox, le p\u00e8re de C\u00e9lie, est un mythe \u00e0 lui seul. Il incarne ce que l\u2019on appelle aux Etats-Unis un \u00ab&nbsp;survivor&nbsp;\u00bb, celui qui r\u00e9chappe plusieurs fois de la mort. Il a en effet eu une vie exceptionnelle, d\u2019apr\u00e8s ce que j\u2019en sais et qui m\u2019a \u00e9t\u00e9 racont\u00e9 par Irving lui-m\u00eame lors de visites que C\u00e9lie et moi faisions \u00e0 ses parents.<\/p>\n\n\n\n<p>Irving na\u00eet en Hongrie en 1908.&nbsp; Sa famille est originaire de Lemburg, nom yiddish de cette ville alors autrichienne, aujourd\u2019hui appel\u00e9e Lviv et situ\u00e9e en Ukraine et appartient \u00e0 l\u2019importante communaut\u00e9 juive qui y prosp\u00e8re au d\u00e9but du XXe si\u00e8cle.<\/p>\n\n\n\n<p>Ses parents et lui \u00e9migrent \u00e0 New-York, quand il n\u2019est qu\u2019un nouveau-n\u00e9.<\/p>\n\n\n\n<p>Il commence sa vie d\u2019adulte dans les ghettos juifs de New-York, en encha\u00eenant des emplois temporaires et des \u00ab&nbsp;petits boulots&nbsp;\u00bb. C\u2019est l\u2019\u00e9poque de la grande d\u00e9pression des ann\u00e9es 1929-30 et il traverse cette premi\u00e8re \u00e9preuve gr\u00e2ce \u00e0 ses qualit\u00e9s sociales, qui lui permettent d\u2019\u00e9tablir de bonnes relations dans la communaut\u00e9 juive.<\/p>\n\n\n\n<p>&nbsp;&nbsp;&nbsp;&nbsp;&nbsp; Quand les USA entrent en guerre en 1942, Irving, qui aurait pu rester \u00e0 domicile comme soutien de famille \u00e0 ses parents \u00e2g\u00e9s. Mais il fait le choix de s\u2019engager dans l\u2019arm\u00e9e pour combattre les nazis les armes \u00e0 la main. &nbsp;&nbsp;&nbsp;<\/p>\n\n\n\n<p>On sait qu\u2019il a travaill\u00e9 dans le renseignement car apr\u00e8s la guerre, il rentrera avec un revolver et un chien, ce qui signifie qu\u2019il ne faisait pas partie des soldats que l\u2019on envoyait au front. Sans doute que sa connaissance de l\u2019allemand, proche de sa langue maternelle, le yiddish, lui a permis d\u2019\u00eatre utile en assistant aux interrogatoires des prisonniers comme traducteur.<\/p>\n\n\n\n<p>Je croyais me souvenir qu\u2019il avait fait partie des forces command\u00e9es par le g\u00e9n\u00e9ral Montgomery, qui sont arriv\u00e9es le deuxi\u00e8me jour du d\u00e9barquement et qui subirent d\u2019\u00e9normes pertes. Il y a l\u00e0 encore cette id\u00e9e qu\u2019il y survit, comme par miracle. Cependant, pour qu\u2019il ait pu participer au d\u00e9barquement, il aurait fallu qu\u2019il soit en Angleterre, o\u00f9 il n\u2019y avait pas de prisonniers \u00e0 interroger n\u00e9cessitant sa pr\u00e9sence. Il est donc plus probable que ses fonctions aupr\u00e8s du renseignement lui aient \u00e9pargn\u00e9 le front et le d\u00e9barquement.<\/p>\n\n\n\n<p>A y r\u00e9fl\u00e9chir, il n\u2019a jamais parl\u00e9 de sa participation aux combats du&nbsp;d\u00e9barquement en Normandie.<\/p>\n\n\n\n<p><em>&nbsp;&nbsp;&nbsp; <\/em>En 2024, je fais des recherches dans les documents authentiques de l\u2019arm\u00e9e am\u00e9ricaine (voir annexes) .<\/p>\n\n\n\n<p>&nbsp;&nbsp;&nbsp;&nbsp;&nbsp; Je m\u2019aper\u00e7ois qu\u2019il a servi dans la 9<sup>e<\/sup> Airforce du 27 novembre 1942 au 10 novembre 1945.<\/p>\n\n\n\n<p>La 9<sup>e<\/sup> Airforce a commenc\u00e9 \u00e0 \u00e9tablir une base arri\u00e8re d\u00e8s que l\u2019espace des pistes a \u00e9t\u00e9 s\u00e9curis\u00e9. Elle est charg\u00e9e de r\u00e9parer et de remettre en service tous les avions endommag\u00e9s jusqu\u2019\u00e0 se transformer en un gigantesque magasin de pi\u00e8ces d\u00e9tach\u00e9es.<\/p>\n\n\n\n<p>C\u2019est l\u00e0 que lui sert sa formation logistique acquise dans les ann\u00e9es 1930.&nbsp; Irving m\u2019a fait la remarque qu\u2019il aurait \u00e9t\u00e9 bien plus utile comme g\u00e9rant de magasin de pi\u00e8ces d\u00e9tach\u00e9es qu\u2019\u00e0 tirer avec un canon anti-a\u00e9rien.<\/p>\n\n\n\n<p>&nbsp;&nbsp;&nbsp;&nbsp; Il a ensuite servi dans la Premi\u00e8re arm\u00e9e am\u00e9ricaine, qui forme le gros du corps exp\u00e9ditionnaire et dans le 21<sup>e<\/sup> British Army Group, qui \u00e9tait \u00e0 l\u2019extr\u00e9mit\u00e9 Ouest des plages du d\u00e9barquement.<\/p>\n\n\n\n<p>Il est canonnier au sein d\u2019une \u00e9quipe de batterie anti-a\u00e9rienne sous le num\u00e9ro 32 645 141.<\/p>\n\n\n\n<p>&nbsp;&nbsp;&nbsp;&nbsp; Toutes ces forces \u00e9taient sous commandement du G\u00e9n\u00e9ral Montgomery pour lequel Irving avait un certain respect.<\/p>\n\n\n\n<p>&nbsp;&nbsp;&nbsp;&nbsp;&nbsp; Autre source&nbsp;: <a href=\"https:\/\/www.99bg.org\/fox-irving-f4749-99bg.cfm\">https:\/\/www.99bg.org\/fox-irving-f4749-99bg.cfm<\/a><\/p>\n\n\n\n<p>Sur ce site, j\u2019apprends qu\u2019il a fait partie du 99<sup>e<\/sup> groupe de bombardement, donc qu\u2019il a particip\u00e9 aussi aux attaques perp\u00e9tr\u00e9es par les avions.<\/p>\n\n\n\n<p>Apr\u00e8s avoir \u00e9t\u00e9 un <em>survivor<\/em>, Irving va incarner un autre symbole de r\u00e9ussite \u00e0 l\u2019am\u00e9ricaine, le <em>self made man<\/em>.<\/p>\n\n\n\n<p>&nbsp;&nbsp;&nbsp;&nbsp; Dans les ann\u00e9es d\u2019apr\u00e8s-guerre, Irving monte une entreprise de vente par correspondance de transformation de manteaux de fourrure d\u00e9mod\u00e9s. Les clientes envoient leurs vieux manteaux, l\u2019entreprise d\u00e9sassemble toutes les pi\u00e8ces et les r\u00e9assemble selon les crit\u00e8res de la derni\u00e8re mode. Les manteaux r\u00e9nov\u00e9s sont envoy\u00e9s et seul le co\u00fbt de la transformation est factur\u00e9. Irving travaille dur pour cette affaire qui marche tr\u00e8s bien&nbsp;: dans un pays o\u00f9 il fait froid, c\u2019est un pari gagnant. Il prend des marges \u00e9lev\u00e9es et le march\u00e9 est stable.<\/p>\n\n\n\n<p>Au bout de quelques ann\u00e9es, il a acquis un capital important, qui lui permet d\u2019acqu\u00e9rir une maison en Californie.<\/p>\n\n\n\n<p>La famille s\u2019agrandit dans la maison de Lewitt\u2019s town. Le couple Irving \u2013 Liliane a d\u2019abord un gar\u00e7on, Mike, puis deux filles, C\u00e9lie, en 1950 et Lynn, en 1951. La maison ne convient plus, d\u2019autant plus qu\u2019on ne peut pas dire aux enfants \u00ab&nbsp;allez jouer dans la cour&nbsp;\u00bb car le climat trop rigoureux.<\/p>\n\n\n\n<p>Irving et Liliane vendent alors l\u2019entreprise et ach\u00e8tent une nouvelle maison \u00e0 Los Angeles o\u00f9 ils d\u00e9m\u00e9nagent en&nbsp;1955.<\/p>\n\n\n\n<p>Ils gardent assez de capital pour qu\u2019Irving puisse se permettre de jouer \u00e0 la bourse de New-York, ce qu\u2019il fait \u00e0 son ouverture (vers les quatre heures du matin, compte tenu du d\u00e9calage horaire).<\/p>\n\n\n\n<p>Sa r\u00e9ussite se poursuit dans des investissements en bourse.<\/p>\n\n\n\n<p>&nbsp;&nbsp;&nbsp; Nous avions une relation bas\u00e9e sur le respect mutuel. J\u2019avais un peu d\u2019argent, il en avait beaucoup. Mais j\u2019avais une culture g\u00e9n\u00e9rale plus \u00e9tendue que la sienne. L\u00e0 o\u00f9 il \u00e9tait vraiment fort, c\u2019\u00e9tait dans le business. Il esp\u00e9rait construire sa relation avec moi dans un partenariat o\u00f9 il aurait amen\u00e9 le capital, j\u2019aurais amen\u00e9 ma culture g\u00e9n\u00e9rale,&nbsp; appropri\u00e9e au projet et nous aurions travaill\u00e9 ensemble. &nbsp;<\/p>\n\n\n\n<p>Il m\u2019a fait plusieurs ouvertures, du type&nbsp;: \u00ab Paris&nbsp;?Je n\u2019aurais aucun probl\u00e8me \u00e0 venir m\u2019installer ici, ce n\u2019est qu\u2019une grande ville comme une autre.&nbsp;\u00bb.<\/p>\n\n\n\n<p>Mais ce n\u2019\u00e9tait pas compatible avec mes plans de devenir un super chercheur au CNRS.<\/p>\n\n\n\n<h2 class=\"wp-block-heading\"><a>Sa m\u00e8re Liliane &#8211;<\/a><\/h2>\n\n\n\n<p>&nbsp;&nbsp;&nbsp;&nbsp;&nbsp; La r\u00e9ussite spectaculaire d\u2019Irving a pour cons\u00e9quence l\u2019effacement social de sa femme. L\u2019organisation de la vie de famille est hi\u00e9rarchis\u00e9e et tr\u00e8s structur\u00e9e par les r\u00e8gles religieuses qu\u2019Irving veille \u00e0 faire respecter et par les f\u00eates juives, qui demandent \u00e0 Liliane de nombreuses pr\u00e9parations culinaires sp\u00e9cifiques.<\/p>\n\n\n\n<p>Elle passait \u00e9norm\u00e9ment de temps \u00e0 faire la cuisine et C\u00e9lie disait que lorsque sa m\u00e8re, \u00e9tait f\u00e2ch\u00e9e, elle avait tendance \u00e0 oublier la nourriture sur le feu. La famille mangeait alors un repas trop cuit comme une punition collective pour avoir collectivement oubli\u00e9 de se montrer reconnaissant envers elle.&nbsp;<\/p>\n\n\n\n<h2 class=\"wp-block-heading\"><a>Son&nbsp; fr\u00e8re, Mike (ou Harry)<\/a><\/h2>\n\n\n\n<p>&nbsp;&nbsp;&nbsp; Je sais tr\u00e8s peu de choses sur Mike car j\u2019ai eu peu d\u2019occasions d\u2019interagir avec lui. Il faisait partie de la classe d\u2019\u00e2ge dans laquelle les gar\u00e7ons \u00e9taient conscrits pour aller faire la guerre au Vietnam. Mais on a trouv\u00e9 dans ses archives m\u00e9dicales, la mention d\u2019un risque de d\u00e9mence li\u00e9e \u00e0 une malformation c\u00e9r\u00e9brale. Gr\u00e2ce \u00e0 cela, il a \u00e9t\u00e9 exempt\u00e9 du service militaire et a mis cette opportunit\u00e9 au service d\u2019un projet dans le domaine de l\u2019habillement. Il se voulait \u00eatre un homme d\u2019affaires, mais son projet n\u2019avait rien d\u2019original. Il s\u2019agissait de vendre s\u00e9par\u00e9ment des T-Shirts blancs et les motifs qui seraient imprim\u00e9s dessus.<\/p>\n\n\n\n<p>Il s\u2019\u00e9tait install\u00e9 \u00e0 Rockwall, un faubourg de Dallas, au Texas, car c\u2019\u00e9tait un des endroits o\u00f9 il pouvait d\u00e9marrer son affaire avec le plus faible investissement et le moins de complications.<\/p>\n\n\n\n<p>Il cherchait une niche, un march\u00e9 petit mais actif, dans lequel il pourrait apprendre le m\u00e9tier sans prendre de risques personnels excessifs.<\/p>\n\n\n\n<h2 class=\"wp-block-heading\"><a>Sa s\u0153ur, Lynn<\/a><\/h2>\n\n\n\n<p>&nbsp;&nbsp;&nbsp;&nbsp; Lynn grandit en bonne entente et sans comp\u00e9tition avec sa grande s\u0153ur C\u00e9lie. Elle l\u2019appelle \u00ab&nbsp;<em>my fun loving older sister<\/em>&nbsp;\u00bb et se sent prot\u00e9g\u00e9e par elle. Elles jouent aux m\u00eames jeux, souvent ensemble.<\/p>\n\n\n\n<p>Voici le t\u00e9moignage qu\u2019elle m\u2019a confi\u00e9 sur leurs relations.<\/p>\n\n\n\n<p>\u201cAmong my earliest memories in West Los Angeles moving into our home on Laurel Ave and the bedroom we shared for fifteen years.&nbsp;&nbsp;We were elated when our parents made our bedroom sparkle with matching pink floral curtains and bedspreads.&nbsp;&nbsp;Then, returning from a family Disneyland holiday, Celie and I played endlessly with our Tinkerbell fluorescent wands and painted stars on the bedroom\u2019s ceiling with fluorescent paint in shining yellow-green tones.&nbsp;&nbsp;Eventually, the florescence\u2019s stars lulled us to sleep.&nbsp;&nbsp;We played nightly with our wands and stars for many more weeks and months, thrilled with the magic.&nbsp;We couldn\u2019t be more delighted.<\/p>\n\n\n\n<p>Family picnics in the woods of Griffith Park were frequent, with lots of freshwater streams to explore and polliwogs to search for.&nbsp;&nbsp;Hours were spent with Celie running up and down the moss-covered rocky streams, enjoying the crisp mountain air.&nbsp;&nbsp;&nbsp;The sweet, fragrant pine trees and pine cones, the feeling of the breezy air, and the sounds of trickling freshwater streams endure.\u201d<\/p>\n\n\n\n<h2 class=\"wp-block-heading\">&nbsp;<a>C\u00e9lie enfant<\/a><\/h2>\n\n\n\n<p>&nbsp;&nbsp;&nbsp;&nbsp; Quand C\u00e9lie et Lynn naissent en 1950 et 1951, la famille Fox habite encore Levits town, un gros lotissement \u00e9tal\u00e9 sur Long Island dans l\u2019\u00e9tat de New York, \u00e0 plus d\u2019une heure du centre-ville.<\/p>\n\n\n\n<p>C\u2019est \u00e0 l\u2019\u00e2ge de quatre et cinq ans qu\u2019elles arrivent \u00e0 Los Angeles avec toute la famille, suite \u00e0 la vente de l\u2019affaire familiale.<\/p>\n\n\n\n<p>C\u00e9lie passe toute sa jeunesse dans cette maison du ghetto juif de West-Hollywood. Elle fr\u00e9quente l\u2019\u00e9cole du quartier, la <em>Fairfax High School <\/em>dont le niveau scolaire est exceptionnel.<\/p>\n\n\n\n<h2 class=\"wp-block-heading\"><a>C\u00e9lie adolescente<\/a><\/h2>\n\n\n\n<p>&nbsp;&nbsp;&nbsp;&nbsp; Elle est ador\u00e9e par son p\u00e8re qui, \u00e0 son adolescence, d\u00e9teste les gar\u00e7ons qu\u2019elle am\u00e8ne \u00e0 la maison, qu\u2019il traite de \u00ab loosers&nbsp;\u00bb.<\/p>\n\n\n\n<p>Elle m\u2019a parl\u00e9 d\u2019une liaison avec un certain Alan, dont je ne sais rien et d\u2019une autre liaison avec Steven, que j\u2019ai rencontr\u00e9 en soir\u00e9e et avec qui j\u2019ai pu parler de C\u00e9lie.<\/p>\n\n\n\n<p>Il m\u2019a dit&nbsp;\u00ab<em>&nbsp;She has a weird sense of social responsibility<\/em>&nbsp;\u00bb, ce que je traduis&nbsp;par&nbsp;: <em>elle a une sensibilit\u00e9 inhabituelle \u00e0 sa responsabilit\u00e9 sociale<\/em>&nbsp;.<\/p>\n\n\n\n<p>Je pense que cette phrase exprime bien le caract\u00e8re de C\u00e9lie, qui \u00e9tait tr\u00e8s diff\u00e9rent de celui de sa petite s\u0153ur.<\/p>\n\n\n\n<p>Les deux filles ne sont n\u00e9es qu\u2019\u00e0 un an d\u2019intervalle et ont grandi ensemble, pourtant, elles ont&nbsp; des caract\u00e8res oppos\u00e9s.&nbsp; C\u00e9lie est cr\u00e9ative, provocatrice et n\u2019a pas peur du d\u00e9sordre&nbsp;tandis que Lynn est classique, mesur\u00e9e et ordonn\u00e9e.<\/p>\n\n\n\n\n\n\n\n<p>Celie&nbsp; en 1964 \u00e0 14 ans<\/p>\n\n\n\n<figure class=\"wp-block-table\"><table class=\"has-fixed-layout\"><tbody><tr><td><img loading=\"lazy\" decoding=\"async\" src=\"\" alt=\"images%20histoire\/magnolias%202.pdf\" width=\"288\" height=\"195\"><\/td><td><img loading=\"lazy\" decoding=\"async\" src=\"\" alt=\"images%20histoire\/magnolias%20ans%20study.pdf\" width=\"279\" height=\"188\"><\/td><\/tr><\/tbody><\/table><\/figure>\n\n\n\n<p>C\u00e9lie aux USA<\/p>\n\n\n\n<p>La famille de C\u00e9lie fait pression sur elle pour qu\u2019elle fasse un bon mariage. Ils la verraient bien \u00e9pouser un jeune homme ambitieux \u00e0 la carri\u00e8re prestigieuse plut\u00f4t qu\u2019un de ces hippies incontr\u00f4lables qui ferait honte \u00e0 la famille.&nbsp;<\/p>\n\n\n\n<p>Pour leur faire plaisir, elle se met \u00e0 travailler, pendant quelques mois, dans un cabinet dentaire o\u00f9 elle voit se d\u00e9velopper une liaison extraconjugale entre le dentiste et son assistante, qui aboutit au divorce de celui-ci.<\/p>\n\n\n\n<p>Mais elle craint de devenir une \u00e9pouse d\u00e9laiss\u00e9e dans une grande maison, avec deux grosses voitures, une piscine mais sans stimulation intellectuelle.<\/p>\n","protected":false},"excerpt":{"rendered":"<p>M\u00eame apr\u00e8s cinquante ann\u00e9es de vie commune, l\u2019autre reste un myst\u00e8re. Ce qui s\u2019est r\u00e9ellement pass\u00e9, c\u2019est la vie de C\u00e9lie Fox Cabane. Je n\u2019en connais pas tout. Elle ne tenait pas de journal, moi non plus. Nous connaissons \u00e0 peu pr\u00e8s la succession des \u00e9v\u00e9nements grands ou petits qui ont fait nos aventures et [&hellip;]<\/p>\n","protected":false},"author":3,"featured_media":0,"parent":0,"menu_order":0,"comment_status":"closed","ping_status":"closed","template":"","meta":{"footnotes":""},"class_list":["post-28","page","type-page","status-publish","hentry"],"_links":{"self":[{"href":"https:\/\/bernardcabane.net\/index.php?rest_route=\/wp\/v2\/pages\/28","targetHints":{"allow":["GET"]}}],"collection":[{"href":"https:\/\/bernardcabane.net\/index.php?rest_route=\/wp\/v2\/pages"}],"about":[{"href":"https:\/\/bernardcabane.net\/index.php?rest_route=\/wp\/v2\/types\/page"}],"author":[{"embeddable":true,"href":"https:\/\/bernardcabane.net\/index.php?rest_route=\/wp\/v2\/users\/3"}],"replies":[{"embeddable":true,"href":"https:\/\/bernardcabane.net\/index.php?rest_route=%2Fwp%2Fv2%2Fcomments&post=28"}],"version-history":[{"count":7,"href":"https:\/\/bernardcabane.net\/index.php?rest_route=\/wp\/v2\/pages\/28\/revisions"}],"predecessor-version":[{"id":392,"href":"https:\/\/bernardcabane.net\/index.php?rest_route=\/wp\/v2\/pages\/28\/revisions\/392"}],"wp:attachment":[{"href":"https:\/\/bernardcabane.net\/index.php?rest_route=%2Fwp%2Fv2%2Fmedia&parent=28"}],"curies":[{"name":"wp","href":"https:\/\/api.w.org\/{rel}","templated":true}]}}