{"id":257,"date":"2025-02-16T16:22:55","date_gmt":"2025-02-16T16:22:55","guid":{"rendered":"https:\/\/bernardcabane.net\/?page_id=257"},"modified":"2025-03-17T14:48:55","modified_gmt":"2025-03-17T14:48:55","slug":"photos-et-portraits-de-bernard","status":"publish","type":"page","link":"https:\/\/bernardcabane.net\/?page_id=257","title":{"rendered":"Photos et portraits de Bernard"},"content":{"rendered":"\n<figure class=\"wp-block-image size-full\"><img loading=\"lazy\" decoding=\"async\" width=\"263\" height=\"352\" src=\"https:\/\/bernardcabane.net\/wp-content\/uploads\/2025\/02\/lbernard-alice-reading.jpeg\" alt=\"\" class=\"wp-image-259\" srcset=\"https:\/\/bernardcabane.net\/wp-content\/uploads\/2025\/02\/lbernard-alice-reading.jpeg 263w, https:\/\/bernardcabane.net\/wp-content\/uploads\/2025\/02\/lbernard-alice-reading-224x300.jpeg 224w\" sizes=\"auto, (max-width: 263px) 100vw, 263px\" \/><\/figure>\n\n\n\n<p>Bernard et Alice lisant une histoire. <\/p>\n\n\n\n<div data-wp-interactive=\"core\/file\" class=\"wp-block-file\"><object data-wp-bind--hidden=\"!state.hasPdfPreview\" hidden class=\"wp-block-file__embed\" data=\"https:\/\/bernardcabane.net\/wp-content\/uploads\/2025\/02\/Bernard-se-rase-1.pdf\" type=\"application\/pdf\" style=\"width:100%;height:600px\" aria-label=\"Embed of Bernard se rase.\"><\/object><a id=\"wp-block-file--media-8e3d27b0-5020-4bce-ba19-e0b2aad3a4cf\" href=\"https:\/\/bernardcabane.net\/wp-content\/uploads\/2025\/02\/Bernard-se-rase-1.pdf\">Bernard se rase<\/a><a href=\"https:\/\/bernardcabane.net\/wp-content\/uploads\/2025\/02\/Bernard-se-rase-1.pdf\" class=\"wp-block-file__button wp-element-button\" download aria-describedby=\"wp-block-file--media-8e3d27b0-5020-4bce-ba19-e0b2aad3a4cf\">T\u00e9l\u00e9charger<\/a><\/div>\n\n\n\n<p>J&#8217;avais mis Alice au d\u00e9fi de me raser la barbe si elle obtenait un A en math\u00e9matiques. Elle a r\u00e9ussi, alors qu&#8217;elle avait eu toute une s\u00e9rie de mauvaises notes pr\u00e9c\u00e9demment. <\/p>\n\n\n\n<div data-wp-interactive=\"core\/file\" class=\"wp-block-file\"><object data-wp-bind--hidden=\"!state.hasPdfPreview\" hidden class=\"wp-block-file__embed\" data=\"https:\/\/bernardcabane.net\/wp-content\/uploads\/2025\/02\/B.-Cabane-medaille-argent-CNRS-1993-1.pdf\" type=\"application\/pdf\" style=\"width:100%;height:600px\" aria-label=\"PDF embed\"><\/object><a href=\"https:\/\/bernardcabane.net\/wp-content\/uploads\/2025\/02\/B.-Cabane-medaille-argent-CNRS-1993-1.pdf\" class=\"wp-block-file__button wp-element-button\" download>T\u00e9l\u00e9charger<\/a><\/div>\n\n\n\n<p>1993 : Bernard obtient la m\u00e9daille d&#8217;argent du CNRS.<\/p>\n\n\n\n<p><\/p>\n\n\n\n<div data-wp-interactive=\"core\/file\" class=\"wp-block-file\"><object data-wp-bind--hidden=\"!state.hasPdfPreview\" hidden class=\"wp-block-file__embed\" data=\"https:\/\/bernardcabane.net\/wp-content\/uploads\/2025\/02\/mars-1948-Bernard-Cabane-et-son-pere-Gerard-1.pdf\" type=\"application\/pdf\" style=\"width:100%;height:600px\" aria-label=\"PDF embed\"><\/object><a href=\"https:\/\/bernardcabane.net\/wp-content\/uploads\/2025\/02\/mars-1948-Bernard-Cabane-et-son-pere-Gerard-1.pdf\" class=\"wp-block-file__button wp-element-button\" download>T\u00e9l\u00e9charger<\/a><\/div>\n\n\n\n<p>Bernard et son p\u00e8re, G\u00e9rard CABANE, en mars 1948. <\/p>\n\n\n\n<figure class=\"wp-block-image size-large\"><img loading=\"lazy\" decoding=\"async\" width=\"1024\" height=\"775\" src=\"https:\/\/bernardcabane.net\/wp-content\/uploads\/2025\/03\/portrait-Bernard-1024x775.jpeg\" alt=\"\" class=\"wp-image-309\" srcset=\"https:\/\/bernardcabane.net\/wp-content\/uploads\/2025\/03\/portrait-Bernard-1024x775.jpeg 1024w, https:\/\/bernardcabane.net\/wp-content\/uploads\/2025\/03\/portrait-Bernard-300x227.jpeg 300w, https:\/\/bernardcabane.net\/wp-content\/uploads\/2025\/03\/portrait-Bernard-768x581.jpeg 768w, https:\/\/bernardcabane.net\/wp-content\/uploads\/2025\/03\/portrait-Bernard-1536x1163.jpeg 1536w, https:\/\/bernardcabane.net\/wp-content\/uploads\/2025\/03\/portrait-Bernard-2048x1550.jpeg 2048w\" sizes=\"auto, (max-width: 1024px) 100vw, 1024px\" \/><\/figure>\n\n\n\n<p>Conf\u00e9rence. Bernard reste s\u00e9rieux derri\u00e8re ses lunettes et C\u00e9lie rit.<\/p>\n\n\n\n<figure class=\"wp-block-image size-large\"><img loading=\"lazy\" decoding=\"async\" width=\"661\" height=\"1024\" src=\"https:\/\/bernardcabane.net\/wp-content\/uploads\/2025\/03\/Bernard-looking-right-661x1024.jpg\" alt=\"\" class=\"wp-image-311\" srcset=\"https:\/\/bernardcabane.net\/wp-content\/uploads\/2025\/03\/Bernard-looking-right-661x1024.jpg 661w, https:\/\/bernardcabane.net\/wp-content\/uploads\/2025\/03\/Bernard-looking-right-194x300.jpg 194w, https:\/\/bernardcabane.net\/wp-content\/uploads\/2025\/03\/Bernard-looking-right.jpg 744w\" sizes=\"auto, (max-width: 661px) 100vw, 661px\" \/><\/figure>\n\n\n\n<p>Bernard espi\u00e8gle. <\/p>\n\n\n\n<figure class=\"wp-block-video\"><video height=\"1080\" style=\"aspect-ratio: 1920 \/ 1080;\" width=\"1920\" controls src=\"https:\/\/bernardcabane.net\/wp-content\/uploads\/2025\/03\/IMG_0072.mov\"><\/video><\/figure>\n\n\n\n<p>Bernard ber\u00e7ant Ernest, son petit-fils. <\/p>\n\n\n\n<figure class=\"wp-block-image size-large\"><img loading=\"lazy\" decoding=\"async\" width=\"1024\" height=\"768\" src=\"https:\/\/bernardcabane.net\/wp-content\/uploads\/2025\/03\/IMG_0069-1024x768.jpg\" alt=\"\" class=\"wp-image-324\" srcset=\"https:\/\/bernardcabane.net\/wp-content\/uploads\/2025\/03\/IMG_0069-1024x768.jpg 1024w, https:\/\/bernardcabane.net\/wp-content\/uploads\/2025\/03\/IMG_0069-300x225.jpg 300w, https:\/\/bernardcabane.net\/wp-content\/uploads\/2025\/03\/IMG_0069-768x576.jpg 768w, https:\/\/bernardcabane.net\/wp-content\/uploads\/2025\/03\/IMG_0069-1536x1152.jpg 1536w, https:\/\/bernardcabane.net\/wp-content\/uploads\/2025\/03\/IMG_0069-2048x1536.jpg 2048w\" sizes=\"auto, (max-width: 1024px) 100vw, 1024px\" \/><\/figure>\n\n\n\n<figure class=\"wp-block-image size-large\"><img loading=\"lazy\" decoding=\"async\" width=\"768\" height=\"1024\" src=\"https:\/\/bernardcabane.net\/wp-content\/uploads\/2025\/03\/IMG_0661-768x1024.jpg\" alt=\"\" class=\"wp-image-325\" srcset=\"https:\/\/bernardcabane.net\/wp-content\/uploads\/2025\/03\/IMG_0661-768x1024.jpg 768w, https:\/\/bernardcabane.net\/wp-content\/uploads\/2025\/03\/IMG_0661-225x300.jpg 225w, https:\/\/bernardcabane.net\/wp-content\/uploads\/2025\/03\/IMG_0661-1152x1536.jpg 1152w, https:\/\/bernardcabane.net\/wp-content\/uploads\/2025\/03\/IMG_0661-1536x2048.jpg 1536w, https:\/\/bernardcabane.net\/wp-content\/uploads\/2025\/03\/IMG_0661-scaled.jpg 1920w\" sizes=\"auto, (max-width: 768px) 100vw, 768px\" \/><\/figure>\n\n\n\n<p>Bernard et Ernest<\/p>\n","protected":false},"excerpt":{"rendered":"<p>Bernard et Alice lisant une histoire. J&#8217;avais mis Alice au d\u00e9fi de me raser la barbe si elle obtenait un A en math\u00e9matiques. Elle a r\u00e9ussi, alors qu&#8217;elle avait eu toute une s\u00e9rie de mauvaises notes pr\u00e9c\u00e9demment. 1993 : Bernard obtient la m\u00e9daille d&#8217;argent du CNRS. Bernard et son p\u00e8re, G\u00e9rard CABANE, en mars 1948. [&hellip;]<\/p>\n","protected":false},"author":3,"featured_media":0,"parent":0,"menu_order":0,"comment_status":"closed","ping_status":"closed","template":"","meta":{"footnotes":""},"class_list":["post-257","page","type-page","status-publish","hentry"],"_links":{"self":[{"href":"https:\/\/bernardcabane.net\/index.php?rest_route=\/wp\/v2\/pages\/257","targetHints":{"allow":["GET"]}}],"collection":[{"href":"https:\/\/bernardcabane.net\/index.php?rest_route=\/wp\/v2\/pages"}],"about":[{"href":"https:\/\/bernardcabane.net\/index.php?rest_route=\/wp\/v2\/types\/page"}],"author":[{"embeddable":true,"href":"https:\/\/bernardcabane.net\/index.php?rest_route=\/wp\/v2\/users\/3"}],"replies":[{"embeddable":true,"href":"https:\/\/bernardcabane.net\/index.php?rest_route=%2Fwp%2Fv2%2Fcomments&post=257"}],"version-history":[{"count":3,"href":"https:\/\/bernardcabane.net\/index.php?rest_route=\/wp\/v2\/pages\/257\/revisions"}],"predecessor-version":[{"id":326,"href":"https:\/\/bernardcabane.net\/index.php?rest_route=\/wp\/v2\/pages\/257\/revisions\/326"}],"wp:attachment":[{"href":"https:\/\/bernardcabane.net\/index.php?rest_route=%2Fwp%2Fv2%2Fmedia&parent=257"}],"curies":[{"name":"wp","href":"https:\/\/api.w.org\/{rel}","templated":true}]}}