{"id":25,"date":"2025-01-29T08:21:03","date_gmt":"2025-01-29T08:21:03","guid":{"rendered":"https:\/\/bernardcabane.net\/?page_id=25"},"modified":"2025-02-08T15:22:07","modified_gmt":"2025-02-08T15:22:07","slug":"nos-vies-en-quelques-dates","status":"publish","type":"page","link":"https:\/\/bernardcabane.net\/?page_id=25","title":{"rendered":"02. Nos vies en quelques dates\u00a0\u00a0\u00a0"},"content":{"rendered":"\n<figure class=\"wp-block-table\"><table class=\"has-fixed-layout\"><tbody><tr><td>(C)\u00a0\u00a0veut dire C\u00e9lie, ce qui touche \u00e0 sa vie<br>(B) comme Bernard\u00a0: \u00e9v\u00e9nements majeurs de sa vie<br><strong>En gras<\/strong>\u00a0: les \u00e9v\u00e9nements qui les concernent tous les deux.\u00a0\u00a0<\/td><\/tr><\/tbody><\/table><\/figure>\n\n\n\n<p>1945, 12 octobre\u00a0\u00a0\u00a0 Naissance de Bernard Cabane \u00e0 Paris 13<sup>e<\/sup>.<\/p>\n\n\n\n<p>1950, 6 juin&nbsp;&nbsp;&nbsp;&nbsp;&nbsp;&nbsp;&nbsp;&nbsp;&nbsp;&nbsp;&nbsp;&nbsp;&nbsp; Naissance de C\u00e9lie Fox \u00e0 New York.<\/p>\n\n\n\n<p>1962-1970 &nbsp;&nbsp;&nbsp;&nbsp;&nbsp; (C) Fairfax High School du Los Angeles School District<\/p>\n\n\n\n<p>1971&nbsp;&nbsp;&nbsp;&nbsp;&nbsp;&nbsp;&nbsp;&nbsp;&nbsp;&nbsp;&nbsp;&nbsp; &nbsp;&nbsp;&nbsp;&nbsp;(B) Th\u00e8se de doctorat d\u2019\u00e9tat \u00e0 Orsay sur deux th\u00e8mes, l\u2019\u00e9tat liquide du tellure et les fluctuations d\u2019orientation des cristaux liquides n\u00e9matiques<\/p>\n\n\n\n<p>1970-1973 &nbsp;&nbsp;&nbsp;&nbsp;&nbsp; (C) Universit\u00e9 de Californie \u00e0 Los Angeles. Dipl\u00f4me Bachelor of Arts (major en philosophie, sp\u00e9cialit\u00e9 en \u00e9thique).<\/p>\n\n\n\n<p>1971-73 :&nbsp;&nbsp;&nbsp;&nbsp;&nbsp;&nbsp; (B) Boursier de la National Science Fondation puis professeur adjoint \u00e0 l\u2019Universit\u00e9 de Californie \u00e0 Los Angeles<\/p>\n\n\n\n<p><strong>1972&nbsp;:&nbsp;&nbsp;&nbsp;&nbsp;&nbsp;&nbsp;&nbsp; Rencontre de Bernard et C\u00e9lie \u00e0 UCLA <\/strong><strong><\/strong><\/p>\n\n\n\n<p><strong>1973&nbsp;&nbsp;&nbsp;&nbsp;&nbsp;&nbsp;&nbsp; Installation du couple \u00e0 Paris, rue Notre Dame des Champs<\/strong><\/p>\n\n\n\n<p><strong>1973&nbsp;&nbsp;&nbsp;&nbsp;&nbsp;&nbsp;&nbsp; Mariage de C\u00e9lie Fox et Bernard Cabane<\/strong><\/p>\n\n\n\n<p>1973 :&nbsp;&nbsp;&nbsp;&nbsp;&nbsp;&nbsp;&nbsp;&nbsp;&nbsp; (B) Charg\u00e9 de recherche au CNRS ; affect\u00e9 au Laboratoire de Physique des Solides \u00e0 Orsay. &nbsp;<\/p>\n\n\n\n<p>1974-1984 &nbsp;&nbsp;&nbsp;&nbsp;&nbsp; (C) Master en sciences de l\u2019\u00e9ducation \u00e0 California State University, Los Angeles. Travaille avec Wanna Zinnsmaster<\/p>\n\n\n\n<p>1973-1975 &nbsp;&nbsp;&nbsp;&nbsp;&nbsp; (C) Enseigne en Anglais \u00e0 l\u2019\u00c9cole Active Bilingue \u00e0 Paris.<\/p>\n\n\n\n<p>1974&nbsp;&nbsp;&nbsp;&nbsp;&nbsp;&nbsp;&nbsp;&nbsp;&nbsp;&nbsp;&nbsp;&nbsp;&nbsp;&nbsp;&nbsp; Avec 7 sept autres institutrices, cr\u00e9e l\u2019\u00c9cole Aujourd\u2019hui \u00e0 Paris.<\/p>\n\n\n\n<p>1975-1983&nbsp;&nbsp;&nbsp;&nbsp;&nbsp;&nbsp; (C) D\u00e9veloppe le bilinguisme \u00e0 l\u2019\u00e9cole en utilisant le codage des sons par des couleurs, invent\u00e9 par C. Gattegno.<\/p>\n\n\n\n<p>1979&nbsp;&nbsp;&nbsp;&nbsp;&nbsp;&nbsp;&nbsp;&nbsp;&nbsp;&nbsp;&nbsp;&nbsp;&nbsp;&nbsp;&nbsp; Naissance d\u2019 Alice-Olivia<\/p>\n\n\n\n<p>1980&nbsp;:&nbsp;&nbsp;&nbsp;&nbsp;&nbsp;&nbsp;&nbsp;&nbsp;&nbsp;&nbsp;&nbsp;&nbsp;&nbsp; (B) Quitte Orsay pour le CEA \u00e0 Saclay<\/p>\n\n\n\n<p><strong>1983&nbsp;&nbsp;&nbsp;&nbsp;&nbsp;&nbsp;&nbsp;&nbsp;&nbsp;&nbsp;&nbsp;&nbsp;&nbsp;&nbsp;&nbsp; Naissance de Guillaume<\/strong><\/p>\n\n\n\n<p>1985&nbsp;:&nbsp;&nbsp;&nbsp;&nbsp;&nbsp;&nbsp;&nbsp;&nbsp;&nbsp;&nbsp;&nbsp;&nbsp;&nbsp;&nbsp; (B) Premier job de consultant au CNRS.<\/p>\n\n\n\n<p>1988 :&nbsp;&nbsp;&nbsp;&nbsp;&nbsp;&nbsp;&nbsp;&nbsp;&nbsp;&nbsp;&nbsp;&nbsp; (B) Pierre-Gilles de Gennes propose \u00e0 Bernard d\u2019intervenir dans les labos de Rh\u00f4ne-Poulenc<\/p>\n\n\n\n<p>1989&nbsp;&nbsp;&nbsp;&nbsp;&nbsp;&nbsp;&nbsp;&nbsp;&nbsp;&nbsp;&nbsp;&nbsp;&nbsp;&nbsp;&nbsp; (C) Enseigne \u00e0 l\u2019Universit\u00e9 Paris V<\/p>\n\n\n\n<p>1990&nbsp;&nbsp;&nbsp;&nbsp;&nbsp;&nbsp;&nbsp;&nbsp;&nbsp;&nbsp;&nbsp;&nbsp;&nbsp;&nbsp;&nbsp; (C) Institute of Group Psychotherapy, Formation par George Bach<\/p>\n\n\n\n<p>1990-2000&nbsp;&nbsp;&nbsp;&nbsp;&nbsp;&nbsp; (C)Voice Dialogue, Psychotherapy of the selves Formation par Hal et Sidra Stone<\/p>\n\n\n\n<p>1995-2000 : (B) Recherches qui portent essentiellement sur la pression osmotique de dispersions de nanoparticules<\/p>\n\n\n\n<p>2002&nbsp;:&nbsp;&nbsp;&nbsp; &nbsp;&nbsp;&nbsp;&nbsp;&nbsp;&nbsp;&nbsp;&nbsp;(B) A Grenoble, travail sur la r\u00e9sistance de films form\u00e9s par des nanoparticules dispers\u00e9es dans l\u2019eau.<\/p>\n\n\n\n<p>2002-2006&nbsp;&nbsp;&nbsp;&nbsp;&nbsp;&nbsp; (C) Formation en Gestalt th\u00e9rapie \u00e0 l\u2019\u00c9cole Parisienne de Gestalt.<\/p>\n\n\n\n<p>2005-2010&nbsp;&nbsp;&nbsp;&nbsp;&nbsp;&nbsp; (C) Coach pour couples \u00e0 domicile au 3 rue Vauquelin.<\/p>\n\n\n\n<p>2016 :&nbsp;&nbsp;&nbsp;&nbsp;&nbsp;&nbsp;&nbsp;&nbsp;&nbsp;&nbsp;&nbsp;&nbsp;&nbsp;&nbsp; (B) Sp\u00e9ciation des nanoparticules.<\/p>\n\n\n\n<p>2010-2020&nbsp;&nbsp;&nbsp;&nbsp;&nbsp;&nbsp; (C)Recherche de la relation entre Voice Dialogue et Hypnose. Interpr\u00e9tation des r\u00eaves et cauchemars, utilisation de la p\u00e2te \u00e0 modeler pour repr\u00e9senter les situations r\u00eav\u00e9es.<\/p>\n\n\n\n<p>2022, 16 f\u00e9vrier&nbsp;&nbsp; D\u00e9c\u00e8s de <a>C\u00e9lie \u00e0 Paris<\/a><\/p>\n","protected":false},"excerpt":{"rendered":"<p>(C)\u00a0\u00a0veut dire C\u00e9lie, ce qui touche \u00e0 sa vie(B) comme Bernard\u00a0: \u00e9v\u00e9nements majeurs de sa vieEn gras\u00a0: les \u00e9v\u00e9nements qui les concernent tous les deux.\u00a0\u00a0 1945, 12 octobre\u00a0\u00a0\u00a0 Naissance de Bernard Cabane \u00e0 Paris 13e. 1950, 6 juin&nbsp;&nbsp;&nbsp;&nbsp;&nbsp;&nbsp;&nbsp;&nbsp;&nbsp;&nbsp;&nbsp;&nbsp;&nbsp; Naissance de C\u00e9lie Fox \u00e0 New York. 1962-1970 &nbsp;&nbsp;&nbsp;&nbsp;&nbsp; (C) Fairfax High School du Los Angeles School [&hellip;]<\/p>\n","protected":false},"author":3,"featured_media":0,"parent":0,"menu_order":0,"comment_status":"closed","ping_status":"closed","template":"","meta":{"footnotes":""},"class_list":["post-25","page","type-page","status-publish","hentry"],"_links":{"self":[{"href":"https:\/\/bernardcabane.net\/index.php?rest_route=\/wp\/v2\/pages\/25","targetHints":{"allow":["GET"]}}],"collection":[{"href":"https:\/\/bernardcabane.net\/index.php?rest_route=\/wp\/v2\/pages"}],"about":[{"href":"https:\/\/bernardcabane.net\/index.php?rest_route=\/wp\/v2\/types\/page"}],"author":[{"embeddable":true,"href":"https:\/\/bernardcabane.net\/index.php?rest_route=\/wp\/v2\/users\/3"}],"replies":[{"embeddable":true,"href":"https:\/\/bernardcabane.net\/index.php?rest_route=%2Fwp%2Fv2%2Fcomments&post=25"}],"version-history":[{"count":5,"href":"https:\/\/bernardcabane.net\/index.php?rest_route=\/wp\/v2\/pages\/25\/revisions"}],"predecessor-version":[{"id":280,"href":"https:\/\/bernardcabane.net\/index.php?rest_route=\/wp\/v2\/pages\/25\/revisions\/280"}],"wp:attachment":[{"href":"https:\/\/bernardcabane.net\/index.php?rest_route=%2Fwp%2Fv2%2Fmedia&parent=25"}],"curies":[{"name":"wp","href":"https:\/\/api.w.org\/{rel}","templated":true}]}}