{"id":239,"date":"2025-02-16T16:06:47","date_gmt":"2025-02-16T16:06:47","guid":{"rendered":"https:\/\/bernardcabane.net\/?page_id=239"},"modified":"2025-02-16T16:14:20","modified_gmt":"2025-02-16T16:14:20","slug":"photos-chanin","status":"publish","type":"page","link":"https:\/\/bernardcabane.net\/?page_id=239","title":{"rendered":"Photos de Chanin"},"content":{"rendered":"\n<figure class=\"wp-block-image size-large\"><img loading=\"lazy\" decoding=\"async\" width=\"1024\" height=\"696\" src=\"https:\/\/bernardcabane.net\/wp-content\/uploads\/2025\/02\/ruinedechanin-1024x696.jpg\" alt=\"\" class=\"wp-image-241\" srcset=\"https:\/\/bernardcabane.net\/wp-content\/uploads\/2025\/02\/ruinedechanin-1024x696.jpg 1024w, https:\/\/bernardcabane.net\/wp-content\/uploads\/2025\/02\/ruinedechanin-300x204.jpg 300w, https:\/\/bernardcabane.net\/wp-content\/uploads\/2025\/02\/ruinedechanin-768x522.jpg 768w, https:\/\/bernardcabane.net\/wp-content\/uploads\/2025\/02\/ruinedechanin.jpg 1168w\" sizes=\"auto, (max-width: 1024px) 100vw, 1024px\" \/><\/figure>\n\n\n\n<p>Ruine de Chanin vue de haut et de derri\u00e8re.<\/p>\n\n\n\n<figure class=\"wp-block-image size-full\"><img loading=\"lazy\" decoding=\"async\" width=\"286\" height=\"421\" src=\"https:\/\/bernardcabane.net\/wp-content\/uploads\/2025\/02\/devant.jpg\" alt=\"\" class=\"wp-image-242\" srcset=\"https:\/\/bernardcabane.net\/wp-content\/uploads\/2025\/02\/devant.jpg 286w, https:\/\/bernardcabane.net\/wp-content\/uploads\/2025\/02\/devant-204x300.jpg 204w\" sizes=\"auto, (max-width: 286px) 100vw, 286px\" \/><\/figure>\n\n\n\n<p>Chanin vue de devant. <\/p>\n\n\n\n<p>C&#8217;est Louis et Marc Pernot qui ont reconstruit le chalet d&#8217;alpage de Chanin, mais je ne ne me souviens pas avec qui. Je ne sais pas qui est cette femme sur la photo. <\/p>\n\n\n\n<figure class=\"wp-block-image size-full\"><img loading=\"lazy\" decoding=\"async\" width=\"589\" height=\"398\" src=\"https:\/\/bernardcabane.net\/wp-content\/uploads\/2025\/02\/cuisine.jpeg\" alt=\"\" class=\"wp-image-243\" srcset=\"https:\/\/bernardcabane.net\/wp-content\/uploads\/2025\/02\/cuisine.jpeg 589w, https:\/\/bernardcabane.net\/wp-content\/uploads\/2025\/02\/cuisine-300x203.jpeg 300w\" sizes=\"auto, (max-width: 589px) 100vw, 589px\" \/><\/figure>\n\n\n\n<p>Bernard dans la cuisine du chalet de Chanin, tra\u00e7ant un itin\u00e9raire de randonn\u00e9e.<\/p>\n\n\n\n<figure class=\"wp-block-image size-full\"><img loading=\"lazy\" decoding=\"async\" width=\"416\" height=\"286\" src=\"https:\/\/bernardcabane.net\/wp-content\/uploads\/2025\/02\/charpente.jpg\" alt=\"\" class=\"wp-image-244\" srcset=\"https:\/\/bernardcabane.net\/wp-content\/uploads\/2025\/02\/charpente.jpg 416w, https:\/\/bernardcabane.net\/wp-content\/uploads\/2025\/02\/charpente-300x206.jpg 300w\" sizes=\"auto, (max-width: 416px) 100vw, 416px\" \/><\/figure>\n\n\n\n<p>Reconstruction de la charpente. <\/p>\n\n\n\n<figure class=\"wp-block-image size-large\"><img loading=\"lazy\" decoding=\"async\" width=\"1024\" height=\"675\" src=\"https:\/\/bernardcabane.net\/wp-content\/uploads\/2025\/02\/Chanin-ruine-devant--1024x675.jpg\" alt=\"\" class=\"wp-image-246\" srcset=\"https:\/\/bernardcabane.net\/wp-content\/uploads\/2025\/02\/Chanin-ruine-devant--1024x675.jpg 1024w, https:\/\/bernardcabane.net\/wp-content\/uploads\/2025\/02\/Chanin-ruine-devant--300x198.jpg 300w, https:\/\/bernardcabane.net\/wp-content\/uploads\/2025\/02\/Chanin-ruine-devant--768x507.jpg 768w, https:\/\/bernardcabane.net\/wp-content\/uploads\/2025\/02\/Chanin-ruine-devant--1536x1013.jpg 1536w, https:\/\/bernardcabane.net\/wp-content\/uploads\/2025\/02\/Chanin-ruine-devant--2048x1351.jpg 2048w\" sizes=\"auto, (max-width: 1024px) 100vw, 1024px\" \/><\/figure>\n\n\n\n<p>Ruine de Chanin vue de devant. <\/p>\n\n\n\n<figure class=\"wp-block-image size-full\"><img loading=\"lazy\" decoding=\"async\" width=\"415\" height=\"281\" src=\"https:\/\/bernardcabane.net\/wp-content\/uploads\/2025\/02\/Chanin-cuisine.jpg\" alt=\"\" class=\"wp-image-248\" srcset=\"https:\/\/bernardcabane.net\/wp-content\/uploads\/2025\/02\/Chanin-cuisine.jpg 415w, https:\/\/bernardcabane.net\/wp-content\/uploads\/2025\/02\/Chanin-cuisine-300x203.jpg 300w\" sizes=\"auto, (max-width: 415px) 100vw, 415px\" \/><\/figure>\n\n\n\n<p>La cuisine de Chanin et son mur en pierres s\u00e8ches.<\/p>\n\n\n\n<figure class=\"wp-block-image size-large\"><img loading=\"lazy\" decoding=\"async\" width=\"676\" height=\"1024\" src=\"https:\/\/bernardcabane.net\/wp-content\/uploads\/2025\/02\/Chanin-Celie-porte-676x1024.jpg\" alt=\"\" class=\"wp-image-249\" srcset=\"https:\/\/bernardcabane.net\/wp-content\/uploads\/2025\/02\/Chanin-Celie-porte-676x1024.jpg 676w, https:\/\/bernardcabane.net\/wp-content\/uploads\/2025\/02\/Chanin-Celie-porte-198x300.jpg 198w, https:\/\/bernardcabane.net\/wp-content\/uploads\/2025\/02\/Chanin-Celie-porte-768x1164.jpg 768w, https:\/\/bernardcabane.net\/wp-content\/uploads\/2025\/02\/Chanin-Celie-porte-1014x1536.jpg 1014w, https:\/\/bernardcabane.net\/wp-content\/uploads\/2025\/02\/Chanin-Celie-porte.jpg 1314w\" sizes=\"auto, (max-width: 676px) 100vw, 676px\" \/><\/figure>\n\n\n\n<p>C\u00e9lie \u00e0 la porte du chalet de Chanin. <\/p>\n\n\n\n<figure class=\"wp-block-image size-full\"><img loading=\"lazy\" decoding=\"async\" width=\"387\" height=\"279\" src=\"https:\/\/bernardcabane.net\/wp-content\/uploads\/2025\/02\/chanin-arriere.jpg\" alt=\"\" class=\"wp-image-250\" srcset=\"https:\/\/bernardcabane.net\/wp-content\/uploads\/2025\/02\/chanin-arriere.jpg 387w, https:\/\/bernardcabane.net\/wp-content\/uploads\/2025\/02\/chanin-arriere-300x216.jpg 300w\" sizes=\"auto, (max-width: 387px) 100vw, 387px\" \/><\/figure>\n\n\n\n<p>Chanin reconstruit sous le ciel bleu. <\/p>\n\n\n\n<p><\/p>\n","protected":false},"excerpt":{"rendered":"<p>Ruine de Chanin vue de haut et de derri\u00e8re. Chanin vue de devant. C&#8217;est Louis et Marc Pernot qui ont reconstruit le chalet d&#8217;alpage de Chanin, mais je ne ne me souviens pas avec qui. Je ne sais pas qui est cette femme sur la photo. Bernard dans la cuisine du chalet de Chanin, tra\u00e7ant [&hellip;]<\/p>\n","protected":false},"author":3,"featured_media":0,"parent":0,"menu_order":0,"comment_status":"closed","ping_status":"closed","template":"","meta":{"footnotes":""},"class_list":["post-239","page","type-page","status-publish","hentry"],"_links":{"self":[{"href":"https:\/\/bernardcabane.net\/index.php?rest_route=\/wp\/v2\/pages\/239","targetHints":{"allow":["GET"]}}],"collection":[{"href":"https:\/\/bernardcabane.net\/index.php?rest_route=\/wp\/v2\/pages"}],"about":[{"href":"https:\/\/bernardcabane.net\/index.php?rest_route=\/wp\/v2\/types\/page"}],"author":[{"embeddable":true,"href":"https:\/\/bernardcabane.net\/index.php?rest_route=\/wp\/v2\/users\/3"}],"replies":[{"embeddable":true,"href":"https:\/\/bernardcabane.net\/index.php?rest_route=%2Fwp%2Fv2%2Fcomments&post=239"}],"version-history":[{"count":2,"href":"https:\/\/bernardcabane.net\/index.php?rest_route=\/wp\/v2\/pages\/239\/revisions"}],"predecessor-version":[{"id":256,"href":"https:\/\/bernardcabane.net\/index.php?rest_route=\/wp\/v2\/pages\/239\/revisions\/256"}],"wp:attachment":[{"href":"https:\/\/bernardcabane.net\/index.php?rest_route=%2Fwp%2Fv2%2Fmedia&parent=239"}],"curies":[{"name":"wp","href":"https:\/\/api.w.org\/{rel}","templated":true}]}}