{"id":229,"date":"2025-02-16T15:41:38","date_gmt":"2025-02-16T15:41:38","guid":{"rendered":"https:\/\/bernardcabane.net\/?page_id=229"},"modified":"2025-07-14T14:11:25","modified_gmt":"2025-07-14T14:11:25","slug":"photos-de-la-chartreuse","status":"publish","type":"page","link":"https:\/\/bernardcabane.net\/?page_id=229","title":{"rendered":"Photos de la Chartreuse"},"content":{"rendered":"\n<figure class=\"wp-block-image size-full\"><img loading=\"lazy\" decoding=\"async\" width=\"320\" height=\"240\" src=\"https:\/\/bernardcabane.net\/wp-content\/uploads\/2025\/02\/2005-cheminee-Outheran-haut-Celie-et-Anne-Charvolin.jpeg\" alt=\"\" class=\"wp-image-234\" srcset=\"https:\/\/bernardcabane.net\/wp-content\/uploads\/2025\/02\/2005-cheminee-Outheran-haut-Celie-et-Anne-Charvolin.jpeg 320w, https:\/\/bernardcabane.net\/wp-content\/uploads\/2025\/02\/2005-cheminee-Outheran-haut-Celie-et-Anne-Charvolin-300x225.jpeg 300w\" sizes=\"auto, (max-width: 320px) 100vw, 320px\" \/><\/figure>\n\n\n\n<p>2005- Chemin\u00e9e (passage tr\u00e8s raide) d&#8217;Outheran. C\u00e9lie et Anne Charvolin.<\/p>\n\n\n\n<figure class=\"wp-block-image size-full\"><img loading=\"lazy\" decoding=\"async\" width=\"240\" height=\"320\" src=\"https:\/\/bernardcabane.net\/wp-content\/uploads\/2025\/02\/chartreusecheminee-dOutheran-2005-1.jpg\" alt=\"\" class=\"wp-image-235\" srcset=\"https:\/\/bernardcabane.net\/wp-content\/uploads\/2025\/02\/chartreusecheminee-dOutheran-2005-1.jpg 240w, https:\/\/bernardcabane.net\/wp-content\/uploads\/2025\/02\/chartreusecheminee-dOutheran-2005-1-225x300.jpg 225w\" sizes=\"auto, (max-width: 240px) 100vw, 240px\" \/><\/figure>\n\n\n\n<p>2005 &#8211; Chemin\u00e9e d&#8217;Outheran, C\u00e9lie, Anne Charvolin et Bernard.<\/p>\n\n\n\n<figure class=\"wp-block-image size-full\"><img loading=\"lazy\" decoding=\"async\" width=\"320\" height=\"240\" src=\"https:\/\/bernardcabane.net\/wp-content\/uploads\/2025\/07\/chartreuseFouda-blanc_2005.jpeg\" alt=\"\" class=\"wp-image-385\" srcset=\"https:\/\/bernardcabane.net\/wp-content\/uploads\/2025\/07\/chartreuseFouda-blanc_2005.jpeg 320w, https:\/\/bernardcabane.net\/wp-content\/uploads\/2025\/07\/chartreuseFouda-blanc_2005-300x225.jpeg 300w\" sizes=\"auto, (max-width: 320px) 100vw, 320px\" \/><figcaption class=\"wp-element-caption\">2005 &#8211; C\u00e9lie, Anne Charvolin et Bernard.<\/figcaption><\/figure>\n\n\n\n<figure class=\"wp-block-image size-full\"><img loading=\"lazy\" decoding=\"async\" width=\"320\" height=\"240\" src=\"https:\/\/bernardcabane.net\/wp-content\/uploads\/2025\/02\/chartreusesommet-de-la-Cochette-2004-1.jpg\" alt=\"\" class=\"wp-image-236\" srcset=\"https:\/\/bernardcabane.net\/wp-content\/uploads\/2025\/02\/chartreusesommet-de-la-Cochette-2004-1.jpg 320w, https:\/\/bernardcabane.net\/wp-content\/uploads\/2025\/02\/chartreusesommet-de-la-Cochette-2004-1-300x225.jpg 300w\" sizes=\"auto, (max-width: 320px) 100vw, 320px\" \/><\/figure>\n\n\n\n<p>2004 &#8211; Sommet de la Chartreuse &#8220;La Rochette&#8221;. Bernard et C\u00e9lie.<\/p>\n\n\n\n<p><\/p>\n","protected":false},"excerpt":{"rendered":"<p>2005- Chemin\u00e9e (passage tr\u00e8s raide) d&#8217;Outheran. C\u00e9lie et Anne Charvolin. 2005 &#8211; Chemin\u00e9e d&#8217;Outheran, C\u00e9lie, Anne Charvolin et Bernard. 2004 &#8211; Sommet de la Chartreuse &#8220;La Rochette&#8221;. Bernard et C\u00e9lie.<\/p>\n","protected":false},"author":3,"featured_media":0,"parent":0,"menu_order":0,"comment_status":"closed","ping_status":"closed","template":"","meta":{"footnotes":""},"class_list":["post-229","page","type-page","status-publish","hentry"],"_links":{"self":[{"href":"https:\/\/bernardcabane.net\/index.php?rest_route=\/wp\/v2\/pages\/229","targetHints":{"allow":["GET"]}}],"collection":[{"href":"https:\/\/bernardcabane.net\/index.php?rest_route=\/wp\/v2\/pages"}],"about":[{"href":"https:\/\/bernardcabane.net\/index.php?rest_route=\/wp\/v2\/types\/page"}],"author":[{"embeddable":true,"href":"https:\/\/bernardcabane.net\/index.php?rest_route=\/wp\/v2\/users\/3"}],"replies":[{"embeddable":true,"href":"https:\/\/bernardcabane.net\/index.php?rest_route=%2Fwp%2Fv2%2Fcomments&post=229"}],"version-history":[{"count":2,"href":"https:\/\/bernardcabane.net\/index.php?rest_route=\/wp\/v2\/pages\/229\/revisions"}],"predecessor-version":[{"id":386,"href":"https:\/\/bernardcabane.net\/index.php?rest_route=\/wp\/v2\/pages\/229\/revisions\/386"}],"wp:attachment":[{"href":"https:\/\/bernardcabane.net\/index.php?rest_route=%2Fwp%2Fv2%2Fmedia&parent=229"}],"curies":[{"name":"wp","href":"https:\/\/api.w.org\/{rel}","templated":true}]}}