{"id":22,"date":"2025-01-29T08:18:32","date_gmt":"2025-01-29T08:18:32","guid":{"rendered":"https:\/\/bernardcabane.net\/?page_id=22"},"modified":"2025-06-04T11:43:31","modified_gmt":"2025-06-04T11:43:31","slug":"introduction-et-methode","status":"publish","type":"page","link":"https:\/\/bernardcabane.net\/?page_id=22","title":{"rendered":"01. Introduction et m\u00e9thode"},"content":{"rendered":"\n<p><\/p>\n\n\n\n<p>Ce que vous avez ici est un t\u00e9moin incomplet, imparfait, d\u2019\u00e9v\u00e9nements auxquels certains d\u2019entre nous ont particip\u00e9. C\u2019est un recueil d\u2019histoires, ce n\u2019est pas l\u2019Histoire. J\u2018ai rassembl\u00e9 des souvenirs d\u2019aventures, des photographies, des conjectures et je vous les livre avant que ma m\u00e9moire, fragile, ne les perde.<\/p>\n\n\n\n<p>Ce qui est lisible dans ma m\u00e9moire est&nbsp;incomplet, d\u00e9form\u00e9 et temporaire. Il n\u2019y a pas de trace des \u00e9clats de rire fr\u00e9quents et r\u00e9p\u00e9t\u00e9s qui provenaient de son bureau.<\/p>\n\n\n\n<p><strong>C\u2019est&nbsp;incomplet.<\/strong>&nbsp;Je transmets ici des histoires, c\u2019est-\u00e0-dire des r\u00e9cits d\u2019aventures, consign\u00e9s dans des textes. Mais il y a beaucoup de choses qu\u2019on ne peut ni dire ni transmettre par un texte. De quoi est fait cet indicible&nbsp;? Il doit contenir les \u00e9motions qui ont conduit \u00e0 nos \u00e9clats de rire. Quelque chose a soudainement \u00e9t\u00e9 per\u00e7u, qui est au-del\u00e0 du discours. Lorsque je rencontre une personne, quelque chose est \u00e9labor\u00e9 en moi, en moins de trente secondes, que j\u2019appelle \u00ab ma premi\u00e8re impression \u00bb. Ce quelque chose n\u2019est pas verbalis\u00e9. Il fonctionne comme un syst\u00e8me d\u2019identification ami\/ennemi. Cela peut \u00eatre une odeur, un parfum, une dynamique dans les mouvements et cela d\u00e9termine la suite de la rencontre.&nbsp;Ai-je vraiment envie d\u2019interagir avec cette personne&nbsp;? Elle essaye de me faire plaisir, mais quel niveau de confiance puis-je accorder \u00e0 ce qu\u2019elle va me dire&nbsp;?&nbsp;<\/p>\n\n\n\n<p>Cette premi\u00e8re impression, je n\u2019en garde pas trace, elle sera formalis\u00e9e par la suite de la relation. Par cons\u00e9quent, il est tr\u00e8s difficile de reconstruire nos interactions \u00e0 partir d\u2019un souvenir ou d\u2019un texte. Comme C\u00e9lie interpr\u00e9tait le monde de mani\u00e8re personnelle et originale, on ne peut pas retrouver sa pens\u00e9e \u00e0 partir de ce qu\u2019elle a dit ou fait. On pourrait, certes, employer certains des outils qu\u2019elle a cr\u00e9\u00e9s, comme d\u2019utiliser la p\u00e2te \u00e0 modeler afin de mod\u00e9liser la situation critique dans un r\u00eave, car la main est moins contr\u00f4l\u00e9e que la parole.<\/p>\n\n\n\n<p><strong>C\u2019est d\u00e9form\u00e9.<\/strong>&nbsp;J\u2019ai choisi les histoires et les photographies, j\u2019ai \u00e9crit les commentaires et j\u2019ai fait un portrait de moi-m\u00eame dans la relation. J\u2019ai dessin\u00e9 l\u2019image du couple id\u00e9al mais pas celle de nous deux tels que nous avons v\u00e9cu. Par exemple, il n\u2019y a pas d\u2019images de nos disputes. Pourtant, dans nos vies, nous nous sommes \u00e9cart\u00e9s et retrouv\u00e9s de nombreuses fois. Il manque le point de vue de C\u00e9lie m\u00eame si parfois on peut le deviner. Le d\u00e9roulement factuel des \u00e9v\u00e8nements fera penser \u00e0 ceux qui l\u2019ont bien connue : \u00ab&nbsp;l\u00e0, c\u2019est vraiment Elle&nbsp;!&nbsp;\u00bb&nbsp; Mais lors d\u2019autres \u00e9v\u00e9nements, elle aurait choisi de raconter des choses dont je ne me rappelle pas.<\/p>\n\n\n\n<p><strong>C\u2019est temporaire<\/strong>. Pendant que le temps s\u2019\u00e9coule, les souvenirs se perdent et ma m\u00e9moire les condense pour les rendre plus acceptables. Sur l\u2019espace ainsi lib\u00e9r\u00e9, elle loge de nouveaux souvenirs, ce qui compromet les tentatives d\u2019exploration. Souvent je conserve les souvenirs mais je perds leurs adresses, c\u2019est-\u00e0-dire les chemins logiques qui permettent de les retrouver. Un mot, et le souvenir revient. D\u00e9p\u00eachez-vous de le transcrire sur un support durable car il va de nouveau dispara\u00eetre.&nbsp;<\/p>\n\n\n\n<p><strong>Ceci est imparfait, ceci est un roman<\/strong>, mais\u2026<\/p>\n\n\n\n<p>faut-il renoncer \u00e0 toute histoire qui ne serait pas \u00e9crite et valid\u00e9e par les protagonistes le jour m\u00eame ? Pour ma part, je pr\u00e9f\u00e8re voir C\u00e9lie revivre \u00e0 mon c\u00f4t\u00e9, sous une forme \u00e9dulcor\u00e9e, gr\u00e2ce \u00e0 la litt\u00e9rature, plut\u00f4t que la perdre enti\u00e8rement.<\/p>\n\n\n\n<p>Voici donc la version douce du roman de nos vies, parce que ce t\u00e9moignage ne contient pas de donn\u00e9es dures. C\u2019est un roman mais pas une \u0153uvre de fiction car les \u00e9v\u00e9nements ont bien eu lieu.&nbsp;<\/p>\n\n\n\n<p>La science a \u00e9t\u00e9 publi\u00e9e, il reste des sentiments, des pr\u00e9somptions, des espoirs, condens\u00e9s et color\u00e9s par le passage \u00e0 travers le filtre de ma m\u00e9moire.<\/p>\n\n\n\n<p><\/p>\n","protected":false},"excerpt":{"rendered":"<p>Ce que vous avez ici est un t\u00e9moin incomplet, imparfait, d\u2019\u00e9v\u00e9nements auxquels certains d\u2019entre nous ont particip\u00e9. C\u2019est un recueil d\u2019histoires, ce n\u2019est pas l\u2019Histoire. J\u2018ai rassembl\u00e9 des souvenirs d\u2019aventures, des photographies, des conjectures et je vous les livre avant que ma m\u00e9moire, fragile, ne les perde. Ce qui est lisible dans ma m\u00e9moire est&nbsp;incomplet, [&hellip;]<\/p>\n","protected":false},"author":3,"featured_media":0,"parent":0,"menu_order":0,"comment_status":"closed","ping_status":"closed","template":"","meta":{"footnotes":""},"class_list":["post-22","page","type-page","status-publish","hentry"],"_links":{"self":[{"href":"https:\/\/bernardcabane.net\/index.php?rest_route=\/wp\/v2\/pages\/22","targetHints":{"allow":["GET"]}}],"collection":[{"href":"https:\/\/bernardcabane.net\/index.php?rest_route=\/wp\/v2\/pages"}],"about":[{"href":"https:\/\/bernardcabane.net\/index.php?rest_route=\/wp\/v2\/types\/page"}],"author":[{"embeddable":true,"href":"https:\/\/bernardcabane.net\/index.php?rest_route=\/wp\/v2\/users\/3"}],"replies":[{"embeddable":true,"href":"https:\/\/bernardcabane.net\/index.php?rest_route=%2Fwp%2Fv2%2Fcomments&post=22"}],"version-history":[{"count":6,"href":"https:\/\/bernardcabane.net\/index.php?rest_route=\/wp\/v2\/pages\/22\/revisions"}],"predecessor-version":[{"id":351,"href":"https:\/\/bernardcabane.net\/index.php?rest_route=\/wp\/v2\/pages\/22\/revisions\/351"}],"wp:attachment":[{"href":"https:\/\/bernardcabane.net\/index.php?rest_route=%2Fwp%2Fv2%2Fmedia&parent=22"}],"curies":[{"name":"wp","href":"https:\/\/api.w.org\/{rel}","templated":true}]}}