{"id":166,"date":"2025-02-11T15:54:42","date_gmt":"2025-02-11T15:54:42","guid":{"rendered":"https:\/\/bernardcabane.net\/?page_id=166"},"modified":"2025-03-10T15:59:32","modified_gmt":"2025-03-10T15:59:32","slug":"tempete-en-corse-avec-celie-pres-de-girolata","status":"publish","type":"page","link":"https:\/\/bernardcabane.net\/?page_id=166","title":{"rendered":"Photos de la temp\u00eate en Corse pr\u00e8s de Girolata (aventures avec C\u00e9lie)"},"content":{"rendered":"\n<figure class=\"wp-block-image size-full\"><img loading=\"lazy\" decoding=\"async\" width=\"264\" height=\"379\" src=\"https:\/\/bernardcabane.net\/wp-content\/uploads\/2025\/02\/temppete-3.jpeg\" alt=\"\" class=\"wp-image-172\" srcset=\"https:\/\/bernardcabane.net\/wp-content\/uploads\/2025\/02\/temppete-3.jpeg 264w, https:\/\/bernardcabane.net\/wp-content\/uploads\/2025\/02\/temppete-3-209x300.jpeg 209w\" sizes=\"auto, (max-width: 264px) 100vw, 264px\" \/><\/figure>\n\n\n\n<figure class=\"wp-block-image size-full\"><img loading=\"lazy\" decoding=\"async\" width=\"354\" height=\"479\" src=\"https:\/\/bernardcabane.net\/wp-content\/uploads\/2025\/02\/tout-faire-secher.jpeg\" alt=\"\" class=\"wp-image-168\" srcset=\"https:\/\/bernardcabane.net\/wp-content\/uploads\/2025\/02\/tout-faire-secher.jpeg 354w, https:\/\/bernardcabane.net\/wp-content\/uploads\/2025\/02\/tout-faire-secher-222x300.jpeg 222w\" sizes=\"auto, (max-width: 354px) 100vw, 354px\" \/><\/figure>\n\n\n\n<p>Tout faire s\u00e9cher !<\/p>\n\n\n\n<div class=\"wp-block-cover\"><span aria-hidden=\"true\" class=\"wp-block-cover__background has-background-dim\"><\/span><img loading=\"lazy\" decoding=\"async\" width=\"1024\" height=\"749\" class=\"wp-block-cover__image-background wp-image-170\" alt=\"\" src=\"https:\/\/bernardcabane.net\/wp-content\/uploads\/2025\/02\/chausettes-mouilles-1024x749.jpeg\" data-object-fit=\"cover\" srcset=\"https:\/\/bernardcabane.net\/wp-content\/uploads\/2025\/02\/chausettes-mouilles-1024x749.jpeg 1024w, https:\/\/bernardcabane.net\/wp-content\/uploads\/2025\/02\/chausettes-mouilles-300x219.jpeg 300w, https:\/\/bernardcabane.net\/wp-content\/uploads\/2025\/02\/chausettes-mouilles-768x562.jpeg 768w, https:\/\/bernardcabane.net\/wp-content\/uploads\/2025\/02\/chausettes-mouilles-1536x1124.jpeg 1536w, https:\/\/bernardcabane.net\/wp-content\/uploads\/2025\/02\/chausettes-mouilles-2048x1498.jpeg 2048w\" sizes=\"auto, (max-width: 1024px) 100vw, 1024px\" \/><div class=\"wp-block-cover__inner-container is-layout-flow wp-block-cover-is-layout-flow\">\n<p class=\"has-text-align-center has-large-font-size\"><\/p>\n<\/div><\/div>\n\n\n\n<p>Tout faire s\u00e9cher est le programme de la journ\u00e9e apr\u00e8s cette nuit de temp\u00eate.<\/p>\n\n\n\n<p><\/p>\n","protected":false},"excerpt":{"rendered":"<p>Tout faire s\u00e9cher ! Tout faire s\u00e9cher est le programme de la journ\u00e9e apr\u00e8s cette nuit de temp\u00eate.<\/p>\n","protected":false},"author":3,"featured_media":0,"parent":0,"menu_order":0,"comment_status":"closed","ping_status":"closed","template":"","meta":{"footnotes":""},"class_list":["post-166","page","type-page","status-publish","hentry"],"_links":{"self":[{"href":"https:\/\/bernardcabane.net\/index.php?rest_route=\/wp\/v2\/pages\/166","targetHints":{"allow":["GET"]}}],"collection":[{"href":"https:\/\/bernardcabane.net\/index.php?rest_route=\/wp\/v2\/pages"}],"about":[{"href":"https:\/\/bernardcabane.net\/index.php?rest_route=\/wp\/v2\/types\/page"}],"author":[{"embeddable":true,"href":"https:\/\/bernardcabane.net\/index.php?rest_route=\/wp\/v2\/users\/3"}],"replies":[{"embeddable":true,"href":"https:\/\/bernardcabane.net\/index.php?rest_route=%2Fwp%2Fv2%2Fcomments&post=166"}],"version-history":[{"count":4,"href":"https:\/\/bernardcabane.net\/index.php?rest_route=\/wp\/v2\/pages\/166\/revisions"}],"predecessor-version":[{"id":291,"href":"https:\/\/bernardcabane.net\/index.php?rest_route=\/wp\/v2\/pages\/166\/revisions\/291"}],"wp:attachment":[{"href":"https:\/\/bernardcabane.net\/index.php?rest_route=%2Fwp%2Fv2%2Fmedia&parent=166"}],"curies":[{"name":"wp","href":"https:\/\/api.w.org\/{rel}","templated":true}]}}