{"id":138,"date":"2025-02-07T16:23:29","date_gmt":"2025-02-07T16:23:29","guid":{"rendered":"https:\/\/bernardcabane.net\/?page_id=138"},"modified":"2025-02-17T14:54:36","modified_gmt":"2025-02-17T14:54:36","slug":"remerciements-dedicace","status":"publish","type":"page","link":"https:\/\/bernardcabane.net\/?page_id=138","title":{"rendered":"00. Remerciements et d\u00e9dicace"},"content":{"rendered":"\n<ol class=\"wp-block-list\">\n<li><strong>Remerciements<\/strong><\/li>\n<\/ol>\n\n\n\n<p><em><strong>A<\/strong><\/em>&nbsp;mon fils Guillaume et mes fr\u00e8res, Jean, Fran\u00e7ois et Robert,<\/p>\n\n\n\n<p><em><strong>A<\/strong><\/em>\u00a0Kim Nicholas Cahill, Anne et Jean Charvolin, Gwen Christianson, Daniel Dayan, Florence Levy, Georges Delplanque, Rachel Loewenstein, Sabina Haase, Christian et Odile Pichot, Uri Bernstein, Kenneth Wong,\u00a0<\/p>\n\n\n\n<p><em><strong>A<\/strong><\/em>&nbsp;Arslane Bouamama et Chlo\u00e9 Le Vagueres.&nbsp;<\/p>\n\n\n\n<p>2. <strong>  D\u00e9dicace<\/strong><\/p>\n\n\n\n<p><br>Un livre est une porte ouverte pour quelqu&#8217;un.  Ce livre, je l\u2019\u00e9cris pour Ernest et pour Nola, nos petits-enfants, afin qu\u2019ils puissent mieux appr\u00e9cier qui nous \u00e9tions (leurs grand parents, Bernard et Celie) et quelles vies nous avons v\u00e9cues.<\/p>\n\n\n\n<p>Si je sch\u00e9matise ma vie, j&#8217;ai d&#8217;abord \u00e9t\u00e9 un aventurier des montagnes, puis j&#8217;ai rencontr\u00e9 C\u00e9lie, une f\u00e9e qui rigole, avec qui j&#8217;ai v\u00e9cu autrement. Apr\u00e8s cinquante ans de vie commune, un cancer l&#8217;a emport\u00e9e, me laissant seul avec mon amie fid\u00e8le la physico chimie, avec qui je partage encore des r\u00eaves mol\u00e9culaires. <\/p>\n\n\n\n<p>Je voudrais qu&#8217;il reste davantage de C\u00e9lie que ses grands \u00e9clats de rire, qui r\u00e9sonnent encore dans ma t\u00eate.  Je voudrais les faire partager \u00e0 ceux qui ne l&#8217;ont pas ou pas assez connue, leur livrer de t\u00e9moignages de qui elle fut et faire entendre sa voix qui nous dirait&nbsp;: je comprends mieux comment votre monde a \u00e9volu\u00e9 pendant ces derni\u00e8res ann\u00e9es o\u00f9 je n\u2019y suis plus.&nbsp;<\/p>\n\n\n\n<p>J\u2019ajoute \u00e0 mes propres souvenirs, quelques t\u00e9moignages de proches qui nous ont bien connus, comme le r\u00e9cit par Jean Charvolin de l\u2019arriv\u00e9e de C\u00e9lie en Chartreuse en 1972, le r\u00e9cit par Florence Levy d\u2019une \u00e9quip\u00e9e en Scandinavie, l\u2019hiver, patins aux pieds, celui d&#8217;une temp\u00eate d\u2019automne, tous moments qui par leur caract\u00e8re inhabituel ont \u00e9t\u00e9 sauv\u00e9s de l&#8217;effacement du temps. <\/p>\n\n\n\n<p>&nbsp;<\/p>\n\n\n\n<p><\/p>\n\n\n\n<p><\/p>\n","protected":false},"excerpt":{"rendered":"<p>A&nbsp;mon fils Guillaume et mes fr\u00e8res, Jean, Fran\u00e7ois et Robert, A\u00a0Kim Nicholas Cahill, Anne et Jean Charvolin, Gwen Christianson, Daniel Dayan, Florence Levy, Georges Delplanque, Rachel Loewenstein, Sabina Haase, Christian et Odile Pichot, Uri Bernstein, Kenneth Wong,\u00a0 A&nbsp;Arslane Bouamama et Chlo\u00e9 Le Vagueres.&nbsp; 2. D\u00e9dicace Un livre est une porte ouverte pour quelqu&#8217;un. Ce livre, [&hellip;]<\/p>\n","protected":false},"author":3,"featured_media":0,"parent":0,"menu_order":0,"comment_status":"closed","ping_status":"closed","template":"","meta":{"footnotes":""},"class_list":["post-138","page","type-page","status-publish","hentry"],"_links":{"self":[{"href":"https:\/\/bernardcabane.net\/index.php?rest_route=\/wp\/v2\/pages\/138","targetHints":{"allow":["GET"]}}],"collection":[{"href":"https:\/\/bernardcabane.net\/index.php?rest_route=\/wp\/v2\/pages"}],"about":[{"href":"https:\/\/bernardcabane.net\/index.php?rest_route=\/wp\/v2\/types\/page"}],"author":[{"embeddable":true,"href":"https:\/\/bernardcabane.net\/index.php?rest_route=\/wp\/v2\/users\/3"}],"replies":[{"embeddable":true,"href":"https:\/\/bernardcabane.net\/index.php?rest_route=%2Fwp%2Fv2%2Fcomments&post=138"}],"version-history":[{"count":4,"href":"https:\/\/bernardcabane.net\/index.php?rest_route=\/wp\/v2\/pages\/138\/revisions"}],"predecessor-version":[{"id":220,"href":"https:\/\/bernardcabane.net\/index.php?rest_route=\/wp\/v2\/pages\/138\/revisions\/220"}],"wp:attachment":[{"href":"https:\/\/bernardcabane.net\/index.php?rest_route=%2Fwp%2Fv2%2Fmedia&parent=138"}],"curies":[{"name":"wp","href":"https:\/\/api.w.org\/{rel}","templated":true}]}}